{"id":1954,"date":"2023-08-30T14:42:25","date_gmt":"2023-08-30T13:42:25","guid":{"rendered":"https:\/\/gcf.community\/?page_id=1954"},"modified":"2023-09-05T13:54:24","modified_gmt":"2023-09-05T12:54:24","slug":"reflection","status":"publish","type":"page","link":"https:\/\/gcf.community\/es\/resources\/flashlab\/flashlab23\/reflection\/","title":{"rendered":"Reflexi\u00f3n"},"content":{"rendered":"<nav aria-label=\"Laboratorio Flash\" itemscope=\"itemscope\" itemtype=\"https:\/\/schema.org\/SiteNavigationElement\">\n\t\t<ul id=\"menu-flashlab\"><li id=\"menu-item-2008\"><a href=\"https:\/\/gcf.community\/es\/tools\/flashlab\/\" tabindex=\"0\" role=\"link\">Laboratorio Flash<\/a><\/li><li id=\"menu-item-2010\"><a href=\"https:\/\/gcf.community\/es\/tools\/flashlab\/flashlab23\/\" tabindex=\"0\" role=\"link\">FlashLab23<\/a><ul>\t<li id=\"menu-item-2022\"><a href=\"https:\/\/gcf.community\/es\/tools\/flashlab\/flashlab23\/reflection\/\" aria-current=\"page\" tabindex=\"0\" role=\"link\">Reflexi\u00f3n<\/a><\/li>\t<li id=\"menu-item-2016\"><a href=\"https:\/\/gcf.community\/es\/tools\/flashlab\/flashlab23\/files\/\" tabindex=\"0\" role=\"link\">Archivos<\/a><\/li>\t<li id=\"menu-item-2027\"><a href=\"https:\/\/gcf.community\/es\/tools\/flashlab\/zoom-recordings\/\" tabindex=\"0\" role=\"link\">Grabaciones de Zoom<\/a><\/li><\/ul><\/li><li id=\"menu-item-2014\"><a href=\"https:\/\/gcf.community\/es\/tools\/flashlab\/overview\/\" tabindex=\"0\" role=\"link\">Descripci\u00f3n general<\/a><\/li><li id=\"menu-item-2011\"><a href=\"https:\/\/gcf.community\/es\/tools\/flashlab\/how-to-start\/\" tabindex=\"0\" role=\"link\">C\u00f3mo empezar<\/a><\/li><li id=\"menu-item-2017\"><a href=\"https:\/\/gcf.community\/es\/tools\/flashlab\/process\/\" tabindex=\"0\" role=\"link\">Proceso<\/a><\/li><li id=\"menu-item-2009\"><a href=\"https:\/\/gcf.community\/es\/tools\/flashlab\/different-models\/\" tabindex=\"0\" role=\"link\">Diferentes modelos<\/a><\/li><li id=\"menu-item-2012\"><a href=\"https:\/\/gcf.community\/es\/tools\/flashlab\/look-and-listen\/\" tabindex=\"0\" role=\"link\">Mira y escucha<\/a><\/li><li id=\"menu-item-2020\"><a href=\"https:\/\/gcf.community\/es\/tools\/flashlab\/think-and-explore\/\" tabindex=\"0\" role=\"link\">Piensa y explora<\/a><\/li><li id=\"menu-item-2013\"><a href=\"https:\/\/gcf.community\/es\/tools\/flashlab\/make-and-create\/\" tabindex=\"0\" role=\"link\">Hacer y crear<\/a><\/li><li id=\"menu-item-2019\"><a href=\"https:\/\/gcf.community\/es\/tools\/flashlab\/test-and-refine\/\" tabindex=\"0\" role=\"link\">Probar y refinar<\/a><\/li><li id=\"menu-item-2018\"><a href=\"https:\/\/gcf.community\/es\/tools\/flashlab\/share-and-multiply\/\" tabindex=\"0\" role=\"link\">Comparte y multiplica<\/a><\/li><\/ul>\n\t\t\t<\/nav>\n\t\t\t<button tabindex=\"0\" role=\"button\" aria-label=\"Men\u00fa de FlashLab\">\n\t\t\t\tMen\u00fa de FlashLab\t\t\t<\/button>\n\t<nav aria-label=\"Laboratorio Flash\" itemscope=\"itemscope\" itemtype=\"https:\/\/schema.org\/SiteNavigationElement\">\n\t\t<a href=\"javascript:void(0)\" aria-label=\"Cerrar el men\u00fa\" role=\"button\">\u00d7<\/a>\n\t\t<ul id=\"menu-flashlab-1\"><li id=\"menu-item-2008\"><a href=\"https:\/\/gcf.community\/es\/tools\/flashlab\/\" tabindex=\"0\" role=\"link\">Laboratorio Flash<\/a><\/li><li id=\"menu-item-2010\"><a href=\"https:\/\/gcf.community\/es\/tools\/flashlab\/flashlab23\/\" tabindex=\"0\" role=\"link\">FlashLab23<\/a><ul>\t<li id=\"menu-item-2022\"><a href=\"https:\/\/gcf.community\/es\/tools\/flashlab\/flashlab23\/reflection\/\" aria-current=\"page\" tabindex=\"0\" role=\"link\">Reflexi\u00f3n<\/a><\/li>\t<li id=\"menu-item-2016\"><a href=\"https:\/\/gcf.community\/es\/tools\/flashlab\/flashlab23\/files\/\" tabindex=\"0\" role=\"link\">Archivos<\/a><\/li>\t<li id=\"menu-item-2027\"><a href=\"https:\/\/gcf.community\/es\/tools\/flashlab\/zoom-recordings\/\" tabindex=\"0\" role=\"link\">Grabaciones de Zoom<\/a><\/li><\/ul><\/li><li id=\"menu-item-2014\"><a href=\"https:\/\/gcf.community\/es\/tools\/flashlab\/overview\/\" tabindex=\"0\" role=\"link\">Descripci\u00f3n general<\/a><\/li><li id=\"menu-item-2011\"><a href=\"https:\/\/gcf.community\/es\/tools\/flashlab\/how-to-start\/\" tabindex=\"0\" role=\"link\">C\u00f3mo empezar<\/a><\/li><li id=\"menu-item-2017\"><a href=\"https:\/\/gcf.community\/es\/tools\/flashlab\/process\/\" tabindex=\"0\" role=\"link\">Proceso<\/a><\/li><li id=\"menu-item-2009\"><a href=\"https:\/\/gcf.community\/es\/tools\/flashlab\/different-models\/\" tabindex=\"0\" role=\"link\">Diferentes modelos<\/a><\/li><li id=\"menu-item-2012\"><a href=\"https:\/\/gcf.community\/es\/tools\/flashlab\/look-and-listen\/\" tabindex=\"0\" role=\"link\">Mira y escucha<\/a><\/li><li id=\"menu-item-2020\"><a href=\"https:\/\/gcf.community\/es\/tools\/flashlab\/think-and-explore\/\" tabindex=\"0\" role=\"link\">Piensa y explora<\/a><\/li><li id=\"menu-item-2013\"><a href=\"https:\/\/gcf.community\/es\/tools\/flashlab\/make-and-create\/\" tabindex=\"0\" role=\"link\">Hacer y crear<\/a><\/li><li id=\"menu-item-2019\"><a href=\"https:\/\/gcf.community\/es\/tools\/flashlab\/test-and-refine\/\" tabindex=\"0\" role=\"link\">Probar y refinar<\/a><\/li><li id=\"menu-item-2018\"><a href=\"https:\/\/gcf.community\/es\/tools\/flashlab\/share-and-multiply\/\" tabindex=\"0\" role=\"link\">Comparte y multiplica<\/a><\/li><\/ul>\n\t\t\t<\/nav>\n\n\t<p>FlashLab es un proceso y m\u00e9todo para crear nuevas herramientas y recursos ministeriales.<\/p>\n<p>Quiz\u00e1s te preguntes por qu\u00e9. Sabemos que:<\/p>\n        <p><em>Toda la Escritura es inspirada por Dios y \u00fatil para <\/em><em>ense\u00f1ar, reprender, corregir y entrenar en <\/em><em>justicia, para que el siervo de Dios sea <\/em><em>completamente equipado para toda buena obra.<\/em>2 Timoteo 3:16 NVI<\/p>    \n\t<p>Entonces, \u00bfpor qu\u00e9 necesitamos m\u00e1s herramientas y recursos?<\/p>\n<p>En el coraz\u00f3n de FlashLab reside el deseo de ver a personas de todo el mundo conectadas con la Palabra de Dios. Crear nuevas herramientas y recursos es una forma de capacitar, equipar, involucrar, inspirar y comunicar la Palabra de Dios en muchos idiomas. Ya sea un curr\u00edculo b\u00edblico, un video, una sesi\u00f3n de capacitaci\u00f3n o un juego experiencial, Dios puede usar cualquiera de estos para ayudar a otros a conectar con su Palabra y conocer a Jes\u00fas.<\/p>\n        <p><em>El amor constante del Se\u00f1or nunca cesa;<\/em><br><em>&nbsp; &nbsp;sus misericordias nunca terminan;<\/em><br><em>son nuevos cada ma\u00f1ana;<\/em><br><em>&nbsp; &nbsp;Grande es tu fidelidad.<\/em>Lamentaciones 3:22-23 NVI<\/p>    \n\t<p>Como parte de este FlashLab, t\u00f3mese un tiempo para leer la Biblia y reflexionar sobre c\u00f3mo el Se\u00f1or nos ha hecho.<\/p>\n<h3>En ser creativo<\/h3>\n<p>Lea sobre la primera persona en la Biblia que se dice que estaba \u00abllena del Esp\u00edritu de Dios\u00bb: Bezalel (\u00c9xodo 31:1-5). \u00bfQu\u00e9 dones creativos podemos ofrecer?<\/p>\n<p>David, tan creativo, quiso cantar un c\u00e1ntico nuevo al Se\u00f1or (Salmos 96 y 98). \u00bfQu\u00e9 podemos ofrecerle al Se\u00f1or que sea fresco y nuevo hoy?<\/p>\n<h3>En nuestra donaci\u00f3n de tiempo<\/h3>\n<p>Lea 2 Corintios 9:6-8. \u00bfC\u00f3mo podemos ser generosos con nuestro tiempo, \u00e1nimo y trabajo para el bien de los dem\u00e1s?<\/p>\n<h3>Al compartir nuestros dones en unidad<\/h3>\n<p>Cada miembro de un equipo tiene diferentes dones que ofrecer, pero todos somos uno bajo Jes\u00fas. Lea Efesios 4:1-16 o 1 Corintios 12:12-19. Para que FlashLab funcione, habr\u00e1 diferentes personas sirviendo de distintas maneras.<\/p>","protected":false},"excerpt":{"rendered":"<p>FlashLab FlashLab23 Archivos de reflexi\u00f3n Zoom Grabaciones Descripci\u00f3n general C\u00f3mo empezar Procesar Diferentes modelos Mirar y escuchar Pensar y explorar Hacer y crear Probar y refinar Compartir y multiplicar FlashLab menu \u00d7 FlashLab FlashLab23 Archivos de reflexi\u00f3n Zoom Grabaciones Descripci\u00f3n general C\u00f3mo empezar Procesar Diferentes modelos Mirar y escuchar Pensar y explorar Hacer y crear Probar y refinar Compartir y multiplicar <a title=\"Reflexi\u00f3n\" class=\"read-more\" href=\"https:\/\/gcf.community\/es\/resources\/flashlab\/flashlab23\/reflection\/\" aria-label=\"Leer m\u00e1s sobre Reflexi\u00f3n\">Leer m\u00e1s<\/a><\/p>","protected":false},"author":1,"featured_media":0,"parent":1921,"menu_order":0,"comment_status":"closed","ping_status":"closed","template":"","meta":{"_acf_changed":false,"_seopress_robots_primary_cat":"","_seopress_titles_title":"FlashLab: Reflection","_seopress_titles_desc":"FlashLab is a process and method for making new ministry tools and resources. You might ask why?","_seopress_robots_index":"","footnotes":"","_links_to":"","_links_to_target":""},"categories":[91],"class_list":{"0":"post-1954","1":"page","2":"type-page","3":"status-publish","5":"category-flashlab"},"acf":[],"_links":{"self":[{"href":"https:\/\/gcf.community\/es\/wp-json\/wp\/v2\/pages\/1954","targetHints":{"allow":["GET"]}}],"collection":[{"href":"https:\/\/gcf.community\/es\/wp-json\/wp\/v2\/pages"}],"about":[{"href":"https:\/\/gcf.community\/es\/wp-json\/wp\/v2\/types\/page"}],"author":[{"embeddable":true,"href":"https:\/\/gcf.community\/es\/wp-json\/wp\/v2\/users\/1"}],"replies":[{"embeddable":true,"href":"https:\/\/gcf.community\/es\/wp-json\/wp\/v2\/comments?post=1954"}],"version-history":[{"count":0,"href":"https:\/\/gcf.community\/es\/wp-json\/wp\/v2\/pages\/1954\/revisions"}],"up":[{"embeddable":true,"href":"https:\/\/gcf.community\/es\/wp-json\/wp\/v2\/pages\/1921"}],"wp:attachment":[{"href":"https:\/\/gcf.community\/es\/wp-json\/wp\/v2\/media?parent=1954"}],"wp:term":[{"taxonomy":"category","embeddable":true,"href":"https:\/\/gcf.community\/es\/wp-json\/wp\/v2\/categories?post=1954"}],"curies":[{"name":"wp","href":"https:\/\/api.w.org\/{rel}","templated":true}]}}