{"id":1921,"date":"2023-08-30T06:47:15","date_gmt":"2023-08-30T05:47:15","guid":{"rendered":"https:\/\/gcf.community\/?page_id=1921"},"modified":"2023-09-05T13:52:21","modified_gmt":"2023-09-05T12:52:21","slug":"flashlab23","status":"publish","type":"page","link":"https:\/\/gcf.community\/es\/resources\/flashlab\/flashlab23\/","title":{"rendered":"FlashLab23"},"content":{"rendered":"<nav aria-label=\"Laboratorio Flash\" itemscope=\"itemscope\" itemtype=\"https:\/\/schema.org\/SiteNavigationElement\">\n\t\t<ul id=\"menu-flashlab\"><li id=\"menu-item-2008\"><a href=\"https:\/\/gcf.community\/es\/tools\/flashlab\/\" tabindex=\"0\" role=\"link\">Laboratorio Flash<\/a><\/li><li id=\"menu-item-2010\"><a href=\"https:\/\/gcf.community\/es\/tools\/flashlab\/flashlab23\/\" aria-current=\"page\" tabindex=\"0\" role=\"link\">FlashLab23<\/a><ul>\t<li id=\"menu-item-2022\"><a href=\"https:\/\/gcf.community\/es\/tools\/flashlab\/flashlab23\/reflection\/\" tabindex=\"0\" role=\"link\">Reflexi\u00f3n<\/a><\/li>\t<li id=\"menu-item-2016\"><a href=\"https:\/\/gcf.community\/es\/tools\/flashlab\/flashlab23\/files\/\" tabindex=\"0\" role=\"link\">Archivos<\/a><\/li>\t<li id=\"menu-item-2027\"><a href=\"https:\/\/gcf.community\/es\/tools\/flashlab\/zoom-recordings\/\" tabindex=\"0\" role=\"link\">Grabaciones de Zoom<\/a><\/li><\/ul><\/li><li id=\"menu-item-2014\"><a href=\"https:\/\/gcf.community\/es\/tools\/flashlab\/overview\/\" tabindex=\"0\" role=\"link\">Descripci\u00f3n general<\/a><\/li><li id=\"menu-item-2011\"><a href=\"https:\/\/gcf.community\/es\/tools\/flashlab\/how-to-start\/\" tabindex=\"0\" role=\"link\">C\u00f3mo empezar<\/a><\/li><li id=\"menu-item-2017\"><a href=\"https:\/\/gcf.community\/es\/tools\/flashlab\/process\/\" tabindex=\"0\" role=\"link\">Proceso<\/a><\/li><li id=\"menu-item-2009\"><a href=\"https:\/\/gcf.community\/es\/tools\/flashlab\/different-models\/\" tabindex=\"0\" role=\"link\">Diferentes modelos<\/a><\/li><li id=\"menu-item-2012\"><a href=\"https:\/\/gcf.community\/es\/tools\/flashlab\/look-and-listen\/\" tabindex=\"0\" role=\"link\">Mira y escucha<\/a><\/li><li id=\"menu-item-2020\"><a href=\"https:\/\/gcf.community\/es\/tools\/flashlab\/think-and-explore\/\" tabindex=\"0\" role=\"link\">Piensa y explora<\/a><\/li><li id=\"menu-item-2013\"><a href=\"https:\/\/gcf.community\/es\/tools\/flashlab\/make-and-create\/\" tabindex=\"0\" role=\"link\">Hacer y crear<\/a><\/li><li id=\"menu-item-2019\"><a href=\"https:\/\/gcf.community\/es\/tools\/flashlab\/test-and-refine\/\" tabindex=\"0\" role=\"link\">Probar y refinar<\/a><\/li><li id=\"menu-item-2018\"><a href=\"https:\/\/gcf.community\/es\/tools\/flashlab\/share-and-multiply\/\" tabindex=\"0\" role=\"link\">Comparte y multiplica<\/a><\/li><\/ul>\n\t\t\t<\/nav>\n\t\t\t<button tabindex=\"0\" role=\"button\" aria-label=\"Men\u00fa de FlashLab\">\n\t\t\t\tMen\u00fa de FlashLab\t\t\t<\/button>\n\t<nav aria-label=\"Laboratorio Flash\" itemscope=\"itemscope\" itemtype=\"https:\/\/schema.org\/SiteNavigationElement\">\n\t\t<a href=\"javascript:void(0)\" aria-label=\"Cerrar el men\u00fa\" role=\"button\">\u00d7<\/a>\n\t\t<ul id=\"menu-flashlab-1\"><li id=\"menu-item-2008\"><a href=\"https:\/\/gcf.community\/es\/tools\/flashlab\/\" tabindex=\"0\" role=\"link\">Laboratorio Flash<\/a><\/li><li id=\"menu-item-2010\"><a href=\"https:\/\/gcf.community\/es\/tools\/flashlab\/flashlab23\/\" aria-current=\"page\" tabindex=\"0\" role=\"link\">FlashLab23<\/a><ul>\t<li id=\"menu-item-2022\"><a href=\"https:\/\/gcf.community\/es\/tools\/flashlab\/flashlab23\/reflection\/\" tabindex=\"0\" role=\"link\">Reflexi\u00f3n<\/a><\/li>\t<li id=\"menu-item-2016\"><a href=\"https:\/\/gcf.community\/es\/tools\/flashlab\/flashlab23\/files\/\" tabindex=\"0\" role=\"link\">Archivos<\/a><\/li>\t<li id=\"menu-item-2027\"><a href=\"https:\/\/gcf.community\/es\/tools\/flashlab\/zoom-recordings\/\" tabindex=\"0\" role=\"link\">Grabaciones de Zoom<\/a><\/li><\/ul><\/li><li id=\"menu-item-2014\"><a href=\"https:\/\/gcf.community\/es\/tools\/flashlab\/overview\/\" tabindex=\"0\" role=\"link\">Descripci\u00f3n general<\/a><\/li><li id=\"menu-item-2011\"><a href=\"https:\/\/gcf.community\/es\/tools\/flashlab\/how-to-start\/\" tabindex=\"0\" role=\"link\">C\u00f3mo empezar<\/a><\/li><li id=\"menu-item-2017\"><a href=\"https:\/\/gcf.community\/es\/tools\/flashlab\/process\/\" tabindex=\"0\" role=\"link\">Proceso<\/a><\/li><li id=\"menu-item-2009\"><a href=\"https:\/\/gcf.community\/es\/tools\/flashlab\/different-models\/\" tabindex=\"0\" role=\"link\">Diferentes modelos<\/a><\/li><li id=\"menu-item-2012\"><a href=\"https:\/\/gcf.community\/es\/tools\/flashlab\/look-and-listen\/\" tabindex=\"0\" role=\"link\">Mira y escucha<\/a><\/li><li id=\"menu-item-2020\"><a href=\"https:\/\/gcf.community\/es\/tools\/flashlab\/think-and-explore\/\" tabindex=\"0\" role=\"link\">Piensa y explora<\/a><\/li><li id=\"menu-item-2013\"><a href=\"https:\/\/gcf.community\/es\/tools\/flashlab\/make-and-create\/\" tabindex=\"0\" role=\"link\">Hacer y crear<\/a><\/li><li id=\"menu-item-2019\"><a href=\"https:\/\/gcf.community\/es\/tools\/flashlab\/test-and-refine\/\" tabindex=\"0\" role=\"link\">Probar y refinar<\/a><\/li><li id=\"menu-item-2018\"><a href=\"https:\/\/gcf.community\/es\/tools\/flashlab\/share-and-multiply\/\" tabindex=\"0\" role=\"link\">Comparte y multiplica<\/a><\/li><\/ul>\n\t\t\t<\/nav>\n\n\t<h2>\u00a1\u00danete al World FlashLab 2023!<\/h2>\n<p>Una oportunidad para trabajar en la creaci\u00f3n de nuevos recursos que necesitas para tu comunidad. \u00a1\u00danete a tu grupo junto con el movimiento deportivo, GO Play, el Foro Mundial de la Infancia, GO Health &amp; Fitness, family.fit, Gen-G, Max7 y muchos m\u00e1s!<\/p>\n<p>El FlashLab es un proceso sencillo, guiado y colaborativo para crear nuevos recursos para tu comunidad. Est\u00e1 abierto a cualquier equipo de trabajo y puedes trabajar en recursos en tu idioma y para tu comunidad.<\/p>\n<p>Los grupos que conocemos se centrar\u00e1n en la creaci\u00f3n de recursos para familias en misi\u00f3n, liderazgo juvenil, generosidad infantil, bienestar f\u00edsico, recuperaci\u00f3n de traumas, participaci\u00f3n comunitaria, generosidad y personas no alcanzadas de todas las edades. \u00a1Agrega tus tareas a esta maravillosa lista!<\/p>\n<p>Participa trayendo un equipo y un proyecto que tu comunidad necesite. Tambi\u00e9n puedes unirte a un equipo que trabaje en un \u00e1rea que te interese.<\/p>\n<p>El FlashLab comienza el 4 de septiembre de 2023 con una llamada de Zoom y finaliza a mediados de octubre.<\/p>\n<h3>Para registrar su inter\u00e9s<\/h3>\n<p>\u00danase a uno de los grupos de informaci\u00f3n de FlashLab 2023:<\/p>\n<ul>\n<li><strong>Telegrama:<\/strong> <a href=\"https:\/\/t.me\/+PYZl1L7-swFmYjZk\" target=\"_blank\" rel=\"noopener\">https:\/\/t.me\/+PYZl1L7-swFmYjZk<\/a><\/li>\n<li><strong>WhatsApp:<\/strong> <a href=\"https:\/\/chat.whatsapp.com\/FQSYil7jQdaKCn3o9zUd3e\" target=\"_blank\" rel=\"noopener\">https:\/\/chat.whatsapp.com\/FQSYil7jQdaKCn3o9zUd3e<\/a><\/li>\n<\/ul>\n<p>Reg\u00edstrese para una de las llamadas de Zoom de lanzamiento de FlashLab 2023 el 4 de septiembre:<\/p>\n<ul>\n<li><strong>7 am hora de Nueva York<\/strong>: <a href=\"https:\/\/us02web.zoom.us\/meeting\/register\/tZctduyorjoiHdRaJnqz9UUZOx4E2Iwr4c93\" target=\"_blank\" rel=\"noopener\">https:\/\/us02web.zoom.us\/meeting\/register\/tZctduyorjoiHdRaJnqz9UUZOx4E2Iwr4c93<\/a><\/li>\n<li><strong>7 p. m., hora de Nueva York<\/strong>: <a href=\"https:\/\/us02web.zoom.us\/meeting\/register\/tZ0kdisrDooGdExtxaN_GkEeGeeyUAuY9Q7\" target=\"_blank\" rel=\"noopener\">https:\/\/us02web.zoom.us\/meeting\/register\/tZ0kdisrDooGdExtxaN_GkEeGeeyUAuY9Q7<\/a><\/li>\n<\/ul>","protected":false},"excerpt":{"rendered":"<p>FlashLab FlashLab23 Archivos de reflexi\u00f3n Zoom Grabaciones Descripci\u00f3n general C\u00f3mo empezar Procesar Diferentes modelos Mirar y escuchar Pensar y explorar Hacer y crear Probar y refinar Compartir y multiplicar FlashLab menu \u00d7 FlashLab FlashLab23 Archivos de reflexi\u00f3n Zoom Grabaciones Descripci\u00f3n general C\u00f3mo empezar Procesar Diferentes modelos Mirar y escuchar Pensar y explorar Hacer y crear Probar y refinar Compartir y multiplicar <a title=\"FlashLab23\" class=\"read-more\" href=\"https:\/\/gcf.community\/es\/resources\/flashlab\/flashlab23\/\" aria-label=\"Leer m\u00e1s sobre FlashLab23\">Leer m\u00e1s<\/a><\/p>","protected":false},"author":1,"featured_media":0,"parent":1917,"menu_order":0,"comment_status":"closed","ping_status":"closed","template":"","meta":{"_acf_changed":false,"_seopress_robots_primary_cat":"","_seopress_titles_title":"FlashLab: FlashLab23","_seopress_titles_desc":"Join the 2023 World FlashLab! An opportunity to work on creating new resources that you need for your community.","_seopress_robots_index":"","footnotes":"","_links_to":"","_links_to_target":""},"categories":[91],"class_list":{"0":"post-1921","1":"page","2":"type-page","3":"status-publish","5":"category-flashlab"},"acf":[],"_links":{"self":[{"href":"https:\/\/gcf.community\/es\/wp-json\/wp\/v2\/pages\/1921","targetHints":{"allow":["GET"]}}],"collection":[{"href":"https:\/\/gcf.community\/es\/wp-json\/wp\/v2\/pages"}],"about":[{"href":"https:\/\/gcf.community\/es\/wp-json\/wp\/v2\/types\/page"}],"author":[{"embeddable":true,"href":"https:\/\/gcf.community\/es\/wp-json\/wp\/v2\/users\/1"}],"replies":[{"embeddable":true,"href":"https:\/\/gcf.community\/es\/wp-json\/wp\/v2\/comments?post=1921"}],"version-history":[{"count":0,"href":"https:\/\/gcf.community\/es\/wp-json\/wp\/v2\/pages\/1921\/revisions"}],"up":[{"embeddable":true,"href":"https:\/\/gcf.community\/es\/wp-json\/wp\/v2\/pages\/1917"}],"wp:attachment":[{"href":"https:\/\/gcf.community\/es\/wp-json\/wp\/v2\/media?parent=1921"}],"wp:term":[{"taxonomy":"category","embeddable":true,"href":"https:\/\/gcf.community\/es\/wp-json\/wp\/v2\/categories?post=1921"}],"curies":[{"name":"wp","href":"https:\/\/api.w.org\/{rel}","templated":true}]}}