{"id":1917,"date":"2023-08-30T06:33:15","date_gmt":"2023-08-30T05:33:15","guid":{"rendered":"https:\/\/gcf.community\/?page_id=1917"},"modified":"2025-06-11T16:58:50","modified_gmt":"2025-06-11T15:58:50","slug":"flashlab","status":"publish","type":"page","link":"https:\/\/gcf.community\/es\/resources\/flashlab\/","title":{"rendered":"Laboratorio Flash"},"content":{"rendered":"<nav aria-label=\"Laboratorio Flash\" itemscope=\"itemscope\" itemtype=\"https:\/\/schema.org\/SiteNavigationElement\">\n\t\t<ul id=\"menu-flashlab\"><li id=\"menu-item-2008\"><a href=\"https:\/\/gcf.community\/es\/tools\/flashlab\/\" aria-current=\"page\" tabindex=\"0\" role=\"link\">Laboratorio Flash<\/a><\/li><li id=\"menu-item-2010\"><a href=\"https:\/\/gcf.community\/es\/tools\/flashlab\/flashlab23\/\" tabindex=\"0\" role=\"link\">FlashLab23<\/a><ul>\t<li id=\"menu-item-2022\"><a href=\"https:\/\/gcf.community\/es\/tools\/flashlab\/flashlab23\/reflection\/\" tabindex=\"0\" role=\"link\">Reflexi\u00f3n<\/a><\/li>\t<li id=\"menu-item-2016\"><a href=\"https:\/\/gcf.community\/es\/tools\/flashlab\/flashlab23\/files\/\" tabindex=\"0\" role=\"link\">Archivos<\/a><\/li>\t<li id=\"menu-item-2027\"><a href=\"https:\/\/gcf.community\/es\/tools\/flashlab\/zoom-recordings\/\" tabindex=\"0\" role=\"link\">Grabaciones de Zoom<\/a><\/li>\t<li id=\"menu-item-2142\"><a href=\"https:\/\/gcf.community\/es\/tools\/flashlab\/flashlab23\/schedule\/\" tabindex=\"0\" role=\"link\">Cronograma<\/a><\/li><\/ul><\/li><li id=\"menu-item-2014\"><a href=\"https:\/\/gcf.community\/es\/tools\/flashlab\/overview\/\" tabindex=\"0\" role=\"link\">Descripci\u00f3n general<\/a><\/li><li id=\"menu-item-2011\"><a href=\"https:\/\/gcf.community\/es\/tools\/flashlab\/how-to-start\/\" tabindex=\"0\" role=\"link\">C\u00f3mo empezar<\/a><\/li><li id=\"menu-item-2017\"><a href=\"https:\/\/gcf.community\/es\/tools\/flashlab\/process\/\" tabindex=\"0\" role=\"link\">Proceso<\/a><\/li><li id=\"menu-item-2009\"><a href=\"https:\/\/gcf.community\/es\/tools\/flashlab\/different-models\/\" tabindex=\"0\" role=\"link\">Diferentes modelos<\/a><\/li><li id=\"menu-item-2012\"><a href=\"https:\/\/gcf.community\/es\/tools\/flashlab\/look-and-listen\/\" tabindex=\"0\" role=\"link\">1 \u2013 Mira y escucha<\/a><\/li><li id=\"menu-item-2020\"><a href=\"https:\/\/gcf.community\/es\/tools\/flashlab\/think-and-explore\/\" tabindex=\"0\" role=\"link\">2 \u2013 Piensa y explora<\/a><\/li><li id=\"menu-item-2013\"><a href=\"https:\/\/gcf.community\/es\/tools\/flashlab\/make-and-create\/\" tabindex=\"0\" role=\"link\">3 \u2013 Hacer y crear<\/a><\/li><li id=\"menu-item-2019\"><a href=\"https:\/\/gcf.community\/es\/tools\/flashlab\/test-and-refine\/\" tabindex=\"0\" role=\"link\">4 \u2013 Probar y refinar<\/a><\/li><li id=\"menu-item-2018\"><a href=\"https:\/\/gcf.community\/es\/tools\/flashlab\/share-and-multiply\/\" tabindex=\"0\" role=\"link\">5 \u2013 Comparte y multiplica<\/a><\/li><li id=\"menu-item-2136\"><a href=\"https:\/\/gcf.community\/es\/tools\/flashlab\/useful-links\/\" tabindex=\"0\" role=\"link\">Enlaces \u00fatiles<\/a><\/li><\/ul>\n\t\t\t<\/nav>\n\t\t\t<button tabindex=\"0\" role=\"button\" aria-label=\"Men\u00fa de FlashLab\">\n\t\t\t\tMen\u00fa de FlashLab\t\t\t<\/button>\n\t<nav aria-label=\"Laboratorio Flash\" itemscope=\"itemscope\" itemtype=\"https:\/\/schema.org\/SiteNavigationElement\">\n\t\t<a href=\"javascript:void(0)\" aria-label=\"Cerrar el men\u00fa\" role=\"button\">\u00d7<\/a>\n\t\t<ul id=\"menu-flashlab-1\"><li id=\"menu-item-2008\"><a href=\"https:\/\/gcf.community\/es\/tools\/flashlab\/\" aria-current=\"page\" tabindex=\"0\" role=\"link\">Laboratorio Flash<\/a><\/li><li id=\"menu-item-2010\"><a href=\"https:\/\/gcf.community\/es\/tools\/flashlab\/flashlab23\/\" tabindex=\"0\" role=\"link\">FlashLab23<\/a><ul>\t<li id=\"menu-item-2022\"><a href=\"https:\/\/gcf.community\/es\/tools\/flashlab\/flashlab23\/reflection\/\" tabindex=\"0\" role=\"link\">Reflexi\u00f3n<\/a><\/li>\t<li id=\"menu-item-2016\"><a href=\"https:\/\/gcf.community\/es\/tools\/flashlab\/flashlab23\/files\/\" tabindex=\"0\" role=\"link\">Archivos<\/a><\/li>\t<li id=\"menu-item-2027\"><a href=\"https:\/\/gcf.community\/es\/tools\/flashlab\/zoom-recordings\/\" tabindex=\"0\" role=\"link\">Grabaciones de Zoom<\/a><\/li>\t<li id=\"menu-item-2142\"><a href=\"https:\/\/gcf.community\/es\/tools\/flashlab\/flashlab23\/schedule\/\" tabindex=\"0\" role=\"link\">Cronograma<\/a><\/li><\/ul><\/li><li id=\"menu-item-2014\"><a href=\"https:\/\/gcf.community\/es\/tools\/flashlab\/overview\/\" tabindex=\"0\" role=\"link\">Descripci\u00f3n general<\/a><\/li><li id=\"menu-item-2011\"><a href=\"https:\/\/gcf.community\/es\/tools\/flashlab\/how-to-start\/\" tabindex=\"0\" role=\"link\">C\u00f3mo empezar<\/a><\/li><li id=\"menu-item-2017\"><a href=\"https:\/\/gcf.community\/es\/tools\/flashlab\/process\/\" tabindex=\"0\" role=\"link\">Proceso<\/a><\/li><li id=\"menu-item-2009\"><a href=\"https:\/\/gcf.community\/es\/tools\/flashlab\/different-models\/\" tabindex=\"0\" role=\"link\">Diferentes modelos<\/a><\/li><li id=\"menu-item-2012\"><a href=\"https:\/\/gcf.community\/es\/tools\/flashlab\/look-and-listen\/\" tabindex=\"0\" role=\"link\">1 \u2013 Mira y escucha<\/a><\/li><li id=\"menu-item-2020\"><a href=\"https:\/\/gcf.community\/es\/tools\/flashlab\/think-and-explore\/\" tabindex=\"0\" role=\"link\">2 \u2013 Piensa y explora<\/a><\/li><li id=\"menu-item-2013\"><a href=\"https:\/\/gcf.community\/es\/tools\/flashlab\/make-and-create\/\" tabindex=\"0\" role=\"link\">3 \u2013 Hacer y crear<\/a><\/li><li id=\"menu-item-2019\"><a href=\"https:\/\/gcf.community\/es\/tools\/flashlab\/test-and-refine\/\" tabindex=\"0\" role=\"link\">4 \u2013 Probar y refinar<\/a><\/li><li id=\"menu-item-2018\"><a href=\"https:\/\/gcf.community\/es\/tools\/flashlab\/share-and-multiply\/\" tabindex=\"0\" role=\"link\">5 \u2013 Comparte y multiplica<\/a><\/li><li id=\"menu-item-2136\"><a href=\"https:\/\/gcf.community\/es\/tools\/flashlab\/useful-links\/\" tabindex=\"0\" role=\"link\">Enlaces \u00fatiles<\/a><\/li><\/ul>\n\t\t\t<\/nav>\n\n\t<p>\u00bfNecesitas algo para tu ministerio o equipo? \u00bfUn curr\u00edculo, un recurso b\u00edblico o un manual? O quiz\u00e1s quieras un video, una canci\u00f3n, una nueva versi\u00f3n de un recurso antiguo, una sesi\u00f3n de capacitaci\u00f3n, un juego, un kit informativo, una gr\u00e1fica, una presentaci\u00f3n en PowerPoint o un diagrama. \u00bfO necesitas desarrollar una estrategia, una declaraci\u00f3n de visi\u00f3n o algo m\u00e1s?<\/p>\n<p>Un FlashLab es un m\u00e9todo guiado que te ayuda a colaborar con otros para crear un nuevo recurso juntos. Es un proceso simple y definido que te gu\u00eda de principio a fin.<\/p>\n<p>Esta secci\u00f3n del sitio web te guiar\u00e1 por las diferentes etapas de un FlashLab. Tambi\u00e9n puedes descargar este contenido como manual en PDF optimizado para m\u00f3viles. Es gratuito. \u00a1T\u00f3malo, \u00fasalo y comp\u00e1rtelo!<\/p>\n\t<a href=\"https:\/\/gcf.community\/wp-content\/uploads\/2023\/08\/FlashLab-Manual-2023-mobile-v4.pdf\" target=\"_self\" role=\"button\" download=\"FlashLab-Manual-2023-mobile-v4.pdf\" aria-label=\"Descargar manual de FlashLab (PDF)\" rel=\"noopener\">\n\t\t\t\t\t\tDescargar manual de FlashLab (PDF)\n\t\t\t\t\t<\/a>","protected":false},"excerpt":{"rendered":"<p>FlashLab FlashLab23 Archivos de reflexi\u00f3n Grabaciones de Zoom Horario Descripci\u00f3n general C\u00f3mo empezar Proceso Diferentes modelos 1 \u2013 Mirar y escuchar 2 \u2013 Pensar y explorar 3 \u2013 Hacer y crear 4 \u2013 Probar y refinar 5 \u2013 Compartir y multiplicar Enlaces \u00fatiles Men\u00fa de FlashLab \u00d7 FlashLab FlashLab23 Archivos de reflexi\u00f3n Grabaciones de Zoom Horario Descripci\u00f3n general C\u00f3mo empezar \u2026 <a title=\"Laboratorio Flash\" class=\"read-more\" href=\"https:\/\/gcf.community\/es\/resources\/flashlab\/\" aria-label=\"Leer m\u00e1s sobre FlashLab\">Leer m\u00e1s<\/a><\/p>","protected":false},"author":1,"featured_media":0,"parent":3157,"menu_order":0,"comment_status":"closed","ping_status":"closed","template":"","meta":{"_acf_changed":false,"_seopress_robots_primary_cat":"","_seopress_titles_title":"FlashLab","_seopress_titles_desc":"A FlashLab is a guided method that helps you collaborate with others to create a new resource together.","_seopress_robots_index":"","footnotes":"","_links_to":"","_links_to_target":""},"categories":[91],"class_list":{"0":"post-1917","1":"page","2":"type-page","3":"status-publish","5":"category-flashlab"},"acf":[],"_links":{"self":[{"href":"https:\/\/gcf.community\/es\/wp-json\/wp\/v2\/pages\/1917","targetHints":{"allow":["GET"]}}],"collection":[{"href":"https:\/\/gcf.community\/es\/wp-json\/wp\/v2\/pages"}],"about":[{"href":"https:\/\/gcf.community\/es\/wp-json\/wp\/v2\/types\/page"}],"author":[{"embeddable":true,"href":"https:\/\/gcf.community\/es\/wp-json\/wp\/v2\/users\/1"}],"replies":[{"embeddable":true,"href":"https:\/\/gcf.community\/es\/wp-json\/wp\/v2\/comments?post=1917"}],"version-history":[{"count":1,"href":"https:\/\/gcf.community\/es\/wp-json\/wp\/v2\/pages\/1917\/revisions"}],"predecessor-version":[{"id":3164,"href":"https:\/\/gcf.community\/es\/wp-json\/wp\/v2\/pages\/1917\/revisions\/3164"}],"up":[{"embeddable":true,"href":"https:\/\/gcf.community\/es\/wp-json\/wp\/v2\/pages\/3157"}],"wp:attachment":[{"href":"https:\/\/gcf.community\/es\/wp-json\/wp\/v2\/media?parent=1917"}],"wp:term":[{"taxonomy":"category","embeddable":true,"href":"https:\/\/gcf.community\/es\/wp-json\/wp\/v2\/categories?post=1917"}],"curies":[{"name":"wp","href":"https:\/\/api.w.org\/{rel}","templated":true}]}}