{"id":1870,"date":"2023-06-13T08:11:11","date_gmt":"2023-06-13T07:11:11","guid":{"rendered":"https:\/\/gcf.community\/?page_id=1870"},"modified":"2023-09-12T08:28:43","modified_gmt":"2023-09-12T07:28:43","slug":"resources","status":"publish","type":"page","link":"https:\/\/gcf.community\/es\/campaigns\/families-on-mission\/resources\/","title":{"rendered":"Recursos"},"content":{"rendered":"<a href=\"https:\/\/gcf.community\/es\/campaigns\/families-on-mission\/\" target=\"_self\" itemprop=\"url\" rel=\"noopener\">\n\t\t\t\t<img loading=\"lazy\" decoding=\"async\" src=\"https:\/\/gcf.community\/wp-content\/uploads\/2023\/05\/fom-logo-portrait-transparent-for-white-background-600.png\" alt=\"fom logo portrait transparent for white background 600\" itemprop=\"image\" height=\"536\" width=\"600\" title=\"Logotipo de fom vertical transparente para fondo blanco 600\" onerror=\"this.style.display='none'\"  \/>\n\t\t\t\t<\/a>\n<h2>\n\t\tCada familia\n\t<\/h2>\n<h2>\n\t\tA trav\u00e9s de cada iglesia\n\t<\/h2>\n<h2>\n\t\tA cada comunidad\n\t<\/h2>\n\t\t\t<button tabindex=\"0\" role=\"button\" aria-label=\"Men\u00fa\">\n\t\t\t\t\t\t\t<\/button>\n\t<nav aria-label=\"FoM\" itemscope=\"itemscope\" itemtype=\"https:\/\/schema.org\/SiteNavigationElement\">\n\t\t<ul id=\"menu-fom\"><li id=\"menu-item-1752\"><a href=\"https:\/\/gcf.community\/es\/campaigns\/families-on-mission\/\">Introducci\u00f3n<\/a><\/li><li id=\"menu-item-1723\"><a href=\"https:\/\/gcf.community\/es\/campaigns\/families-on-mission\/statement\/\">Declaraci\u00f3n<\/a><\/li><li id=\"menu-item-1725\"><a href=\"https:\/\/gcf.community\/es\/campaigns\/families-on-mission\/report\/\">Informe<\/a><\/li><li id=\"menu-item-2204\"><a href=\"https:\/\/gcf.community\/es\/campaigns\/families-on-mission\/resources\/\" aria-current=\"page\">Recursos<\/a><\/li><li id=\"menu-item-1724\"><a href=\"https:\/\/gcf.community\/es\/campaigns\/families-on-mission\/showcase\/\">Escaparate<\/a><\/li><li id=\"menu-item-1731\"><a href=\"https:\/\/gcf.community\/es\/campaigns\/families-on-mission\/videos\/\">V\u00eddeos<\/a><\/li><\/ul>\n\t\t\t<\/nav>\n<h1>\n\t\tRecursos\n\t<\/h1>\n\t<p>Puede usar los controles en la esquina superior derecha del cuadro de abajo para buscar, filtrar y cambiar la vista de los recursos. Haga clic en los tres puntos verticales para ver los recursos en lista o en miniatura.<\/p>\n\t<h3>Todos los archivos relacionados con Familias en Misi\u00f3n<\/h3>\n<p>Tenga en cuenta que muchos de los recursos a continuaci\u00f3n pueden estar sin terminar y ser trabajos en progreso.<\/p>\n\t<div id='wpcp-2cf35eec977e7dc5010c21a4cc20806e' class='wpcp-container'><div id='OutoftheBox' class='files  wpcp-has-scroll-to-top' data-module-id='wpcp-2cf35eec977e7dc5010c21a4cc20806e' style='display:none'><noscript><div class='OutoftheBox-nojsmessage'>Para ver este contenido, necesita tener activado JavaScript en su navegador.<br\/><a href='http:\/\/www.enable-javascript.com\/' target='_blank'>Para hacerlo, siga las siguientes instrucciones.<\/a>.<\/div><\/noscript><div class='wpcp-module OutoftheBox files jsdisabled wpcp-thumb-view'  id='OutoftheBox-2cf35eec977e7dc5010c21a4cc20806e' data-token='2cf35eec977e7dc5010c21a4cc20806e' data-account-id='dbid:AAB2dTcGQmrzZtKegNrHODwdwEKSkvgz8y4' data-org-id='' data-path='' data-org-path='%2F' data-source='6da603d68b6c4405f95a25ea6da1813c' data-sort='name:asc' data-list='files' data-query='' data-lightboxnav='1' data-lightboxthumbs='1' data-layout='grid' data-action='0'  ><div class=\"wpcp-browser-container wpcp-no-tree wpcp-browser--init\" style=\"width:100%;max-width:100%;\">\r\n    <div class=\"wpcp-browser-container-tree\" data-show-tree='0'>\r\n        <div class=\"wpcp-container-overlay\"><\/div>\r\n        <div class=\"nav-header\">\r\n            <a class=\"nav-tree-toggle entry-info-button\" tabindex=\"0\" title=\"Mostrar \u00e1rbol de carpetas\">\r\n                <i class=\"eva eva-arrowhead-left-outline\"><\/i>\r\n            <\/a>\r\n        <\/div>\r\n        <div class=\"wpcp-browser-tree\"><\/div>\r\n    <\/div>\r\n    <div class=\"wpcp-browser-container-content\">\r\n                <div class=\"nav-header nav-header-has-breadcrumb\">            <a class=\"nav-tree-toggle entry-info-button\" tabindex=\"0\" title=\"Mostrar \u00e1rbol de carpetas\">\r\n                <i class=\"eva eva-arrowhead-left-outline\"><\/i>\r\n            <\/a>\r\n            <a class=\"nav-home entry-info-button\" title=\"Vuelva a la carpeta de inicio\" tabindex=\"0\">\r\n                <i class=\"eva eva-home-outline\"><\/i>\r\n            <\/a>\r\n            <div class=\"nav-title\">Cargando...<\/div>\r\n                        <a class=\"nav-search entry-info-button\" tabindex=\"0\">\r\n                <i class=\"eva eva-search\"><\/i>\r\n            <\/a>\r\n\r\n            <div class=\"tippy-content-holder search-wrapper\">\r\n                <a class=\"search-icon search-submit\" href=\"javascript:;\"><i class=\"eva eva-search\"><\/i><\/a>\r\n                <input class=\"search-input\" name=\"q\" type=\"search\" autocomplete=\"off\" size=\"40\" aria-label=\"Buscar\" placeholder=\"B\u00fasqueda de archivos\" \/>\r\n                <a class=\"search-remove\" href=\"javascript:;\" title=\"Limpiar\"><i class=\"eva eva-close\"><\/i><\/a>\r\n            <\/div>\r\n            \r\n            <a class=\"nav-sort entry-info-button\" title=\"Opciones de pedido\">\r\n                <i class=\"eva eva-options\"><\/i>\r\n            <\/a>\r\n            <div class=\"tippy-content-holder sort-div\">\r\n                <ul class='nav-sorting-list'>\r\n                    <li><a class=\"nav-sorting-field nav-name sort-selected\" data-field=\"name\" title=\"Nombre\">\r\n                            Nombre                        <\/a>\r\n                    <\/li>\r\n                    <li><a class=\"nav-sorting-field nav-size\" data-field=\"size\" title=\"Tama\u00f1o\">\r\n                            Tama\u00f1o                        <\/a>\r\n                    <\/li>\r\n                    <li><a class=\"nav-sorting-field nav-modified\" data-field=\"modified\" title=\"Modificado\">\r\n                            Modificado                        <\/a>\r\n                    <\/li>\r\n                    <li class=\"list-separator\">&nbsp;<\/li>\r\n                    <li><a class=\"nav-sorting-order nav-asc sort-selected\" data-order=\"asc\" title=\"Ascendente\">\r\n                            Ascendente                        <\/a>\r\n                    <\/li>\r\n                    <li><a class=\"nav-sorting-order nav-desc\" data-order=\"desc\" title=\"Descendiente\">\r\n                            Descendiente                        <\/a>\r\n                    <\/li>\r\n                <\/ul>\r\n            <\/div>\r\n\r\n            <a class=\"nav-gear entry-info-button\" title=\"M\u00e1s acciones\">\r\n                <i class=\"eva eva-more-vertical-outline\"><\/i>\r\n            <\/a>\r\n            <div class=\"tippy-content-holder gear-div\" data-token=\"2cf35eec977e7dc5010c21a4cc20806e\">\r\n                <ul data-id=\"2cf35eec977e7dc5010c21a4cc20806e\">\r\n\r\n                                        <li style=\"display: none\"><a class=\"nav-layout nav-layout-grid\" title=\"Ver como rejilla\">\r\n                            <i class=\"eva eva-grid-outline eva-lg\"><\/i>Ver como rejilla                        <\/a>\r\n                    <\/li>\r\n                    <li><a class=\"nav-layout nav-layout-list\" title=\"Ver como lista\">\r\n                            <i class=\"eva eva-list-outline eva-lg\"><\/i>Ver como lista                        <\/a>\r\n                    <\/li>\r\n                    \r\n                    <li class='gear-menu-no-options' style=\"display: none\"><a><i class='eva eva-info-outline eva-lg'><\/i>No hay opciones...<\/a><\/li>\r\n                <\/ul>\r\n            <\/div>\r\n                        <a class=\"nav-refresh entry-info-button\" title=\"Actualizar\">\r\n                <i class=\"eva eva-sync\"><\/i>\r\n            <\/a>\r\n                    <\/div>        <div class=\"wpcp-container-content\">\r\n            <div class=\"loading initialize\">                <svg class=\"loader-spinner\" viewbox=\"25 25 50 50\">\r\n                    <circle class=\"path\" cx=\"50\" cy=\"50\" r=\"20\" fill=\"none\" stroke-width=\"3\" stroke-miterlimit=\"10\"><\/circle>\r\n                <\/svg>\r\n                            <\/div>\r\n            <div class=\"ajax-filelist\" style=\"\">\r\n                <div class='files'>\r\n                    <div class=\"folders-container\"><div class=\"entry folder skeleton-entry\">\r\n    <div class=\"entry_block\">\r\n                <div class=\"entry-info\">\r\n            <div class=\"entry-info-icon skeleton skeleton-icon\"><\/div>\r\n            <div class=\"entry-info-name\"><span class=\"skeleton skeleton-text\"><\/span><\/div>\r\n                    <\/div>\r\n    <\/div>\r\n<\/div>\r\n<div class=\"entry folder skeleton-entry\">\r\n    <div class=\"entry_block\">\r\n                <div class=\"entry-info\">\r\n            <div class=\"entry-info-icon skeleton skeleton-icon\"><\/div>\r\n            <div class=\"entry-info-name\"><span class=\"skeleton skeleton-text\"><\/span><\/div>\r\n                    <\/div>\r\n    <\/div>\r\n<\/div>\r\n<div class=\"entry folder skeleton-entry\">\r\n    <div class=\"entry_block\">\r\n                <div class=\"entry-info\">\r\n            <div class=\"entry-info-icon skeleton skeleton-icon\"><\/div>\r\n            <div class=\"entry-info-name\"><span class=\"skeleton skeleton-text\"><\/span><\/div>\r\n                    <\/div>\r\n    <\/div>\r\n<\/div>\r\n<\/div>\r\n                    <div class=\"files-container\"><div class=\"entry file skeleton-entry\">\r\n    <div class=\"entry_block\">\r\n         <div class=\"entry_thumbnail skeleton skeleton-img\"><\/div>        <div class=\"entry-info\">\r\n            <div class=\"entry-info-icon skeleton skeleton-icon\"><\/div>\r\n            <div class=\"entry-info-name\"><span class=\"skeleton skeleton-text\"><\/span><\/div>\r\n                        <div class=\"entry-info-modified-date skeleton skeleton-text-small\"><\/div>\r\n            <div class=\"entry-info-size skeleton skeleton-text-small\"><\/div>\r\n                    <\/div>\r\n    <\/div>\r\n<\/div>\r\n<div class=\"entry file skeleton-entry\">\r\n    <div class=\"entry_block\">\r\n         <div class=\"entry_thumbnail skeleton skeleton-img\"><\/div>        <div class=\"entry-info\">\r\n            <div class=\"entry-info-icon skeleton skeleton-icon\"><\/div>\r\n            <div class=\"entry-info-name\"><span class=\"skeleton skeleton-text\"><\/span><\/div>\r\n                        <div class=\"entry-info-modified-date skeleton skeleton-text-small\"><\/div>\r\n            <div class=\"entry-info-size skeleton skeleton-text-small\"><\/div>\r\n                    <\/div>\r\n    <\/div>\r\n<\/div>\r\n<div class=\"entry file skeleton-entry\">\r\n    <div class=\"entry_block\">\r\n         <div class=\"entry_thumbnail skeleton skeleton-img\"><\/div>        <div class=\"entry-info\">\r\n            <div class=\"entry-info-icon skeleton skeleton-icon\"><\/div>\r\n            <div class=\"entry-info-name\"><span class=\"skeleton skeleton-text\"><\/span><\/div>\r\n                        <div class=\"entry-info-modified-date skeleton skeleton-text-small\"><\/div>\r\n            <div class=\"entry-info-size skeleton skeleton-text-small\"><\/div>\r\n                    <\/div>\r\n    <\/div>\r\n<\/div>\r\n<div class=\"entry file skeleton-entry\">\r\n    <div class=\"entry_block\">\r\n         <div class=\"entry_thumbnail skeleton skeleton-img\"><\/div>        <div class=\"entry-info\">\r\n            <div class=\"entry-info-icon skeleton skeleton-icon\"><\/div>\r\n            <div class=\"entry-info-name\"><span class=\"skeleton skeleton-text\"><\/span><\/div>\r\n                        <div class=\"entry-info-modified-date skeleton skeleton-text-small\"><\/div>\r\n            <div class=\"entry-info-size skeleton skeleton-text-small\"><\/div>\r\n                    <\/div>\r\n    <\/div>\r\n<\/div>\r\n<div class=\"entry file skeleton-entry\">\r\n    <div class=\"entry_block\">\r\n         <div class=\"entry_thumbnail skeleton skeleton-img\"><\/div>        <div class=\"entry-info\">\r\n            <div class=\"entry-info-icon skeleton skeleton-icon\"><\/div>\r\n            <div class=\"entry-info-name\"><span class=\"skeleton skeleton-text\"><\/span><\/div>\r\n                        <div class=\"entry-info-modified-date skeleton skeleton-text-small\"><\/div>\r\n            <div class=\"entry-info-size skeleton skeleton-text-small\"><\/div>\r\n                    <\/div>\r\n    <\/div>\r\n<\/div>\r\n<\/div>\r\n                <\/div>\r\n            <\/div>\r\n            <div class=\"scroll-to-top\">\r\n                <button class=\"scroll-to-top-action button button-round-icon secondary button-round-icon-lg button-shadow-3\" type=\"button\" title=\"Ir arriba\" aria-expanded=\"false\"><i class=\"eva eva-arrow-upward-outline eva-2x\"><\/i><\/button>\r\n                            <\/div>\r\n            <div class=\"wpcp-browser-container-info\">\r\n                <div class=\"wpcp-container-overlay\"><\/div>\r\n                <div class=\"wpcp-info-content\">\r\n                    <div class=\"wpcp-info-close entry-info-button\">\r\n                        <i class=\"eva eva-close eva-lg\" aria-hidden=\"true\"><\/i>\r\n                    <\/div>\r\n                    <div class=\"wpcp-info-thumbnail\"><\/div>\r\n                    <div class=\"wpcp-info-list\"><\/div>\r\n                <\/div>\r\n            <\/div>\r\n        <\/div>\r\n    <\/div>\r\n<\/div><\/div><\/div><div class='wpcp-module-script'><script type='text\/javascript'>if (typeof(jQuery) !== 'undefined' && typeof(jQuery.cp) !== 'undefined' && typeof(jQuery.cp.OutoftheBox) === 'function') { jQuery('#OutoftheBox-2cf35eec977e7dc5010c21a4cc20806e').OutoftheBox(OutoftheBox_vars); };<\/script><\/div><\/div>\n<h2>\n\t\tSubir\n\t<\/h2>\n\t<p>Puede subir sus archivos a continuaci\u00f3n. Utilice esta herramienta \u00fanicamente para compartir recursos como PDF, documentos de Office, im\u00e1genes, etc. El tama\u00f1o m\u00e1ximo de archivo es de 100 MB. Si lo desea, puede subir una carpeta con recursos o archivos.<\/p>\n<p><strong>Por favor, no suba ning\u00fan video a esta p\u00e1gina. En su lugar, le pedimos que se una al grupo de WhatsApp a trav\u00e9s del bot\u00f3n al final de esta p\u00e1gina y suba sus videos all\u00ed.<\/strong>.<\/p>\n<h3>\n\t\tSube tus archivos aqu\u00ed\n\t<\/h3>\n\t<div id='wpcp-340e2259f4dff6b401d7e5d3c26d3e26' class='wpcp-container'><div id='OutoftheBox' class='upload  wpcp-has-scroll-to-top' data-module-id='wpcp-340e2259f4dff6b401d7e5d3c26d3e26' style='display:none'><noscript><div class='OutoftheBox-nojsmessage'>Para ver este contenido, necesita tener activado JavaScript en su navegador.<br\/><a href='http:\/\/www.enable-javascript.com\/' target='_blank'>Para hacerlo, siga las siguientes instrucciones.<\/a>.<\/div><\/noscript><div class='wpcp-module OutoftheBox upload jsdisabled'  id='OutoftheBox-340e2259f4dff6b401d7e5d3c26d3e26' data-token='340e2259f4dff6b401d7e5d3c26d3e26' data-account-id='dbid:AAB2dTcGQmrzZtKegNrHODwdwEKSkvgz8y4' data-org-id='' data-path='' data-org-path='%2F' data-source='5e8698da324cdd20ff2e47bcf068c73e' data-sort='name:asc'>\r\n<div class=\"fileupload-box   auto_upload\" style=\"width:100%;max-width:100%;\" data-preprocess=\"\">\r\n    <!-- FORM ELEMENTS -->\r\n    <div id=\"fileupload-340e2259f4dff6b401d7e5d3c26d3e26\" class=\"fileupload-form\" data-token='340e2259f4dff6b401d7e5d3c26d3e26'>\r\n        <input type=\"hidden\" name=\"acceptfiletypes\" value=\".(.)$\">\r\n        <input type=\"hidden\" name=\"minfilesize\" value=\"0\">\r\n        <input type=\"hidden\" name=\"maxfilesize\" data-limit=\"1\" value=\"104857600\">\r\n        <input type=\"hidden\" name=\"maxnumberofuploads\" value=\"-1\">\r\n        <input type=\"hidden\" name=\"listtoken\" value=\"340e2259f4dff6b401d7e5d3c26d3e26\">\r\n        <input type='hidden' name='fileupload-filelist_340e2259f4dff6b401d7e5d3c26d3e26' class='fileupload-filelist' value=''>\r\n        <input type=\"file\" name=\"files[]\" class='upload-input upload-input-files' multiple accept=\"\">\r\n                <input type=\"file\" name=\"files[]\" class='upload-input upload-input-folder' multiple directory webkitdirectory>\r\n            <\/div>\r\n    <!-- END FORM ELEMENTS -->\r\n\r\n    <!-- UPLOAD BOX HEADER -->\r\n    <div class=\"fileupload-header\">\r\n        <div class=\"fileupload-header-title\">\r\n            <div class=\"fileupload-empty\">\r\n                <div class=\"fileupload-header-text-title upload-add-file\">Agrega tus archivos<\/div>\r\n                                <div class=\"fileupload-header-text-subtitle upload-add-folder\"><a title=\"O seleccione una carpeta\">O seleccione una carpeta<\/a>\r\n                <\/div>\r\n                            <\/div>\r\n            <div class=\"fileupload-not-empty\">\r\n                <div class=\"fileupload-header-text-title fileupload-items\"><\/div>\r\n                <div class=\"fileupload-header-text-subtitle fileupload-items-size\"><\/div>\r\n            <\/div>\r\n        <\/div>\r\n        <div class=\"fileupload-header-button\">\r\n            <button class='fileupload-requirements-button button button-round-icon secondary' type=\"button\" title=\"Subir requisitos\"><i class=\"eva eva-list eva-lg\"><\/i><\/button>\r\n            <div class='tippy-content-holder'>\r\n                <div class='tippy-content'>\r\n                    <div class=\"upload-requirements-content-subtitle\">\r\n                        <div class=\"upload-requirements-size\">Tama\u00f1o m\u00e1ximo: <em><span class='max-file-size'>100 MB<\/span><\/em><\/div>                    <\/div>\r\n                <\/div>\r\n            <\/div>\r\n        <\/div>\r\n        <div class=\"fileupload-header-button\">\r\n            <button class='fileupload-add-button button button-round-icon' type=\"button\" title=\"Agrega tus archivos\"><i class=\"eva eva-plus-outline eva-lg\"><\/i><\/button>\r\n            <div class='tippy-content-holder'>\r\n                <div class='tippy-content'>\r\n                    <ul>\r\n                        <li class=\"upload-add-file\">\r\n                            <a title=\"Archivos\">\r\n                                <i class=\"eva eva-file-add-outline eva-lg\"><\/i> Archivos                            <\/a>\r\n                        <\/li>\r\n                                                <li class=\"upload-add-folder\">\r\n                            <a title=\"Carpetas\">\r\n                                <i class=\"eva eva-folder-add-outline eva-lg\"><\/i> Carpetas                            <\/a>\r\n                        <\/li>\r\n                                            <\/ul>\r\n                <\/div>\r\n            <\/div>\r\n        <\/div>\r\n    <\/div>\r\n    <!-- END UPLOAD BOX HEADER -->\r\n\r\n    <!-- UPLOAD PROGRESS -->\r\n    <div class=\"fileupload-global-progress\">\r\n        <div class=\"fileupload-global-progress-bar\"><\/div>\r\n    <\/div>\r\n    <!-- END UPLOAD PROGRESS -->\r\n\r\n    <!-- UPLOAD BOX LIST -->\r\n    <div class=\"fileupload-list\" style=\"\">\r\n        <table role=\"table\" class=\"fileupload-table\">\r\n            <tbody class=\"fileupload-table-body\">\r\n\r\n                <!-- UPLOAD BOX TEMPLATE ROW -->\r\n                <tr class=\"fileupload-table-row fileupload-table-row-template\" role=\"row\">\r\n                    <td class=\"fileupload-table-cell\" role=\"cell\" style=\"flex: 1 1 100%;\">\r\n                        <div class=\"fileupload-table-cell-icon\"><img decoding=\"async\" class=\"\" src=\"\" loading=\"lazy\" \/><\/div>\r\n                        <div class=\"fileupload-table-cell-content\">\r\n                            <div class=\"fileupload-table-cell-text fileupload-table-text-title\"><\/div>\r\n                            <div class=\"fileupload-table-cell-text fileupload-table-text-subtitle\"><\/div>\r\n                        <\/div>\r\n                    <\/td>\r\n\r\n                    <td class=\"fileupload-table-cell fileupload-table-cell-action\" role=\"cell\" style=\"flex: 1 0 auto;\">\r\n                                                <button type=\"button\" title=\"Descargar fichero\" class=\"upload-download\"><i class=\"eva eva-download-outline eva-lg\"><\/i><span> Descargar fichero<\/span><\/button>\r\n                                                <button type=\"button\" title=\"Intenta subir el archivo de nuevo\" class=\"upload-redo\"><i class=\"eva eva-refresh eva-lg\"><\/i><\/button>\r\n                    <\/td>\r\n\r\n                    <td class=\"fileupload-table-cell fileupload-table-cell-result\" role=\"cell\" style=\"flex: 0 0 64px;\">\r\n                        <i title=\"Eliminar de la cola\" aria-label=\"Eliminar de la cola\" class=\"upload-remove eva eva-close eva-lg\"><\/i>\r\n                        <i title=\"Abortar la carga\" aria-label=\"Abortar la carga\" class=\"upload-stop eva eva-stop-circle eva-lg\"><\/i>\r\n                        <i class=\"upload-waiting eva eva-pause-circle-outline eva-lg\"><\/i>\r\n                        <i class=\"upload-success eva eva-checkmark eva-lg\"><\/i>\r\n                        <i class=\"upload-fail eva eva-alert-triangle-outline eva-lg\"><\/i>\r\n                        <i class=\"upload-convert eva eva-settings-outline eva-lg eva-spin\"><\/i>\r\n                    <\/td>\r\n\r\n                    <td class=\"fileupload-table-cell fileupload-table-cell-progress\" role=\"cell\" style=\"flex: 0 0 80px;\">\r\n                        <div class=\"fileupload-loading-bar label-center\" data-preset=\"circle\" data-value=\"0\"><\/div>\r\n                    <\/td>\r\n\r\n\r\n                <\/tr>\r\n                <!-- UPLOAD BOX END TEMPLATE ROW -->\r\n            <\/tbody>\r\n        <\/table>\r\n    <\/div>\r\n    <!-- END UPLOAD BOX LIST -->\r\n\r\n    <!-- UPLOAD BOX FOOTER -->\r\n    <div class=\"fileupload-footer\">\r\n        <div class=\"fileupload-footer-content\">\r\n            <button class=\"fileupload-start-button button\" disabled>Comenzar Subida<\/button>\r\n        <\/div>\r\n    <\/div>\r\n    <!-- END UPLOAD BOX FOOTER -->\r\n\r\n<\/div>\r\n\r\n<!-- UPLOAD BOX DRAG & DROP -->\r\n<div class=\"fileupload-drag-drop\"><\/div>\r\n<!-- END UPLOAD DRAG & DROP --><\/div><\/div><div class='wpcp-module-script'><script type='text\/javascript'>if (typeof(jQuery) !== 'undefined' && typeof(jQuery.cp) !== 'undefined' && typeof(jQuery.cp.OutoftheBox) === 'function') { jQuery('#OutoftheBox-340e2259f4dff6b401d7e5d3c26d3e26').OutoftheBox(OutoftheBox_vars); };<\/script><\/div><\/div>\n<h4>\n\t\tSubidas de v\u00eddeo\n\t<\/h4>\n\t<p>Si desea compartir un video, comp\u00e1rtalo con nuestro grupo de WhatsApp GCF Video al que puede unirse a trav\u00e9s del bot\u00f3n a continuaci\u00f3n.<\/p>\n\t<a href=\"https:\/\/chat.whatsapp.com\/Kj0tpSATv0EG6i8C8sqfRn\" target=\"_blank\" role=\"button\" rel=\"noopener\" aria-label=\"\u00danase al grupo de WhatsApp de GCF Media\">\n\t\t\t\t\t\t\u00danase al grupo de WhatsApp de GCF Media\n\t\t\t\t\t<\/a>","protected":false},"excerpt":{"rendered":"<p>Cada familia, a trav\u00e9s de cada iglesia, a cada comunidad, introducci\u00f3n, declaraci\u00f3n, informe, recursos, videos, recursos. Puede usar los controles en la esquina superior derecha del cuadro a continuaci\u00f3n para buscar, filtrar y cambiar la vista de los recursos. Haga clic en los tres puntos verticales para ver los recursos en vista de lista. <a title=\"Recursos\" class=\"read-more\" href=\"https:\/\/gcf.community\/es\/campaigns\/families-on-mission\/resources\/\" aria-label=\"Leer m\u00e1s sobre Recursos\">Leer m\u00e1s<\/a><\/p>","protected":false},"author":1,"featured_media":0,"parent":1656,"menu_order":0,"comment_status":"closed","ping_status":"closed","template":"","meta":{"_acf_changed":false,"_seopress_robots_primary_cat":"","_seopress_titles_title":"","_seopress_titles_desc":"","_seopress_robots_index":"","footnotes":"","_links_to":"","_links_to_target":""},"categories":[],"class_list":["post-1870","page","type-page","status-publish"],"acf":[],"_links":{"self":[{"href":"https:\/\/gcf.community\/es\/wp-json\/wp\/v2\/pages\/1870","targetHints":{"allow":["GET"]}}],"collection":[{"href":"https:\/\/gcf.community\/es\/wp-json\/wp\/v2\/pages"}],"about":[{"href":"https:\/\/gcf.community\/es\/wp-json\/wp\/v2\/types\/page"}],"author":[{"embeddable":true,"href":"https:\/\/gcf.community\/es\/wp-json\/wp\/v2\/users\/1"}],"replies":[{"embeddable":true,"href":"https:\/\/gcf.community\/es\/wp-json\/wp\/v2\/comments?post=1870"}],"version-history":[{"count":0,"href":"https:\/\/gcf.community\/es\/wp-json\/wp\/v2\/pages\/1870\/revisions"}],"up":[{"embeddable":true,"href":"https:\/\/gcf.community\/es\/wp-json\/wp\/v2\/pages\/1656"}],"wp:attachment":[{"href":"https:\/\/gcf.community\/es\/wp-json\/wp\/v2\/media?parent=1870"}],"wp:term":[{"taxonomy":"category","embeddable":true,"href":"https:\/\/gcf.community\/es\/wp-json\/wp\/v2\/categories?post=1870"}],"curies":[{"name":"wp","href":"https:\/\/api.w.org\/{rel}","templated":true}]}}