{"id":1776,"date":"2023-05-29T13:49:07","date_gmt":"2023-05-29T12:49:07","guid":{"rendered":"https:\/\/gcf.community\/?page_id=1776"},"modified":"2026-02-13T16:52:52","modified_gmt":"2026-02-13T16:52:52","slug":"projects","status":"publish","type":"page","link":"https:\/\/gcf.community\/es\/projects\/","title":{"rendered":"Proyectos"},"content":{"rendered":"<h1>\n\t\t\tProyectos\t<\/h1>\n\t<p>Creemos que la vida de los ni\u00f1os se moldea por la familia, los medios de comunicaci\u00f3n, la iglesia, la escuela y diversas organizaciones. GCF busca ser un movimiento desinteresado que sirve discretamente a cada una de ellas, ayud\u00e1ndolas en su funci\u00f3n de proteger a los ni\u00f1os y a identificar, desarrollar y liberar el potencial que Dios les ha dado.<\/p>\n<p>Creemos que la colaboraci\u00f3n es clave para alcanzar y hacer disc\u00edpulos a ni\u00f1os de todo el mundo. Trabajando solos, apenas estamos comenzando este desaf\u00edo. Con este fin, se est\u00e1n desarrollando m\u00faltiples proyectos a trav\u00e9s del FCM para servir a la iglesia local. Estos proyectos incluyen:<\/p>\n        <p><img loading=\"lazy\" decoding=\"async\" src=\"https:\/\/gcf.community\/wp-content\/uploads\/2024\/11\/heart-150.png\" alt=\"\" width=\"50\" height=\"43\" \/>Experiencia de liderazgo<\/p>    \n            <a href=\"https:\/\/gcfleadership.org\" target=\"_self\"><\/a>\n        <p><img loading=\"lazy\" decoding=\"async\" src=\"https:\/\/gcf.community\/wp-content\/uploads\/2024\/11\/heart-150.png\" alt=\"\" width=\"50\" height=\"43\" \/>Familias en Misi\u00f3n<\/p>    \n            <a href=\"https:\/\/gcf.community\/es\/campaigns\/families-on-mission\/\" target=\"_self\"><\/a>\n        <p><img loading=\"lazy\" decoding=\"async\" src=\"https:\/\/gcf.community\/wp-content\/uploads\/2024\/11\/heart-150.png\" alt=\"\" width=\"50\" height=\"43\" \/>Ni\u00f1os en todas partes<\/p>    \n            <a href=\"https:\/\/childreneverywhere.com\" target=\"_self\"><\/a>\n        <p><img loading=\"lazy\" decoding=\"async\" src=\"https:\/\/gcf.community\/wp-content\/uploads\/2024\/11\/heart-150.png\" alt=\"\" width=\"50\" height=\"43\" \/>M\u00e1ximo 7<\/p>    \n            <a href=\"https:\/\/www.max7.org\/en\" target=\"_self\"><\/a>\n        <p><img loading=\"lazy\" decoding=\"async\" src=\"https:\/\/gcf.community\/wp-content\/uploads\/2024\/11\/heart-150.png\" alt=\"\" width=\"50\" height=\"43\" \/>Centros para ni\u00f1os<\/p>    \n            <a href=\"https:\/\/kidshubs.com\/\" target=\"_self\"><\/a>\n        <p><img loading=\"lazy\" decoding=\"async\" src=\"https:\/\/gcf.community\/wp-content\/uploads\/2024\/11\/heart-150.png\" alt=\"\" width=\"50\" height=\"43\" \/>KidsHubsTV<\/p>    \n            <a href=\"https:\/\/kidshubtv.com\/en\/default.aspx\" target=\"_self\"><\/a>\n        <p><img loading=\"lazy\" decoding=\"async\" src=\"https:\/\/gcf.community\/wp-content\/uploads\/2024\/11\/heart-150.png\" alt=\"\" width=\"50\" height=\"43\" \/>Ni\u00f1os en riesgo<\/p>    \n            <a href=\"https:\/\/lausanne.org\/network\/children-at-risk\" target=\"_self\"><\/a>\n        <p><img loading=\"lazy\" decoding=\"async\" src=\"https:\/\/gcf.community\/wp-content\/uploads\/2024\/11\/heart-150.png\" alt=\"\" width=\"50\" height=\"43\" \/>Ni\u00f1os y familias<\/p>    \n            <a href=\"https:\/\/lausanne.org\/network\/children-and-family\" target=\"_self\"><\/a>\n        <p><img loading=\"lazy\" decoding=\"async\" src=\"https:\/\/gcf.community\/wp-content\/uploads\/2024\/11\/heart-150.png\" alt=\"\" width=\"50\" height=\"43\" \/>Generaciones generosas<\/p>    \n            <a href=\"https:\/\/generousgenerations.org\/\" target=\"_self\"><\/a>","protected":false},"excerpt":{"rendered":"<p>Proyectos: Creemos que la vida de los ni\u00f1os se ve influenciada por la familia, los medios de comunicaci\u00f3n, la iglesia, la escuela y diversas organizaciones. El GCF busca ser un movimiento desinteresado que sirve discretamente a cada una de ellas, ayud\u00e1ndolas en su funci\u00f3n de proteger a los ni\u00f1os y a identificar, moldear y liberar el don que Dios les ha dado. <a title=\"Proyectos\" class=\"read-more\" href=\"https:\/\/gcf.community\/es\/projects\/\" aria-label=\"Leer m\u00e1s sobre Proyectos\">Leer m\u00e1s<\/a><\/p>","protected":false},"author":1,"featured_media":0,"parent":0,"menu_order":0,"comment_status":"closed","ping_status":"closed","template":"","meta":{"_acf_changed":false,"_seopress_robots_primary_cat":"","_seopress_titles_title":"","_seopress_titles_desc":"","_seopress_robots_index":"","footnotes":"","_links_to":"","_links_to_target":""},"categories":[1],"class_list":{"0":"post-1776","1":"page","2":"type-page","3":"status-publish","5":"category-uncategorized"},"acf":[],"_links":{"self":[{"href":"https:\/\/gcf.community\/es\/wp-json\/wp\/v2\/pages\/1776","targetHints":{"allow":["GET"]}}],"collection":[{"href":"https:\/\/gcf.community\/es\/wp-json\/wp\/v2\/pages"}],"about":[{"href":"https:\/\/gcf.community\/es\/wp-json\/wp\/v2\/types\/page"}],"author":[{"embeddable":true,"href":"https:\/\/gcf.community\/es\/wp-json\/wp\/v2\/users\/1"}],"replies":[{"embeddable":true,"href":"https:\/\/gcf.community\/es\/wp-json\/wp\/v2\/comments?post=1776"}],"version-history":[{"count":11,"href":"https:\/\/gcf.community\/es\/wp-json\/wp\/v2\/pages\/1776\/revisions"}],"predecessor-version":[{"id":3217,"href":"https:\/\/gcf.community\/es\/wp-json\/wp\/v2\/pages\/1776\/revisions\/3217"}],"wp:attachment":[{"href":"https:\/\/gcf.community\/es\/wp-json\/wp\/v2\/media?parent=1776"}],"wp:term":[{"taxonomy":"category","embeddable":true,"href":"https:\/\/gcf.community\/es\/wp-json\/wp\/v2\/categories?post=1776"}],"curies":[{"name":"wp","href":"https:\/\/api.w.org\/{rel}","templated":true}]}}