{"id":1765,"date":"2023-05-29T13:35:15","date_gmt":"2023-05-29T12:35:15","guid":{"rendered":"https:\/\/gcf.community\/?page_id=1765"},"modified":"2023-05-29T13:46:55","modified_gmt":"2023-05-29T12:46:55","slug":"challenge","status":"publish","type":"page","link":"https:\/\/gcf.community\/es\/campaigns\/children-everywhere\/challenge\/","title":{"rendered":"Desaf\u00edo"},"content":{"rendered":"<a href=\"https:\/\/gcf.community\/es\/campaigns\/children-everywhere\/\" target=\"_self\" itemprop=\"url\" rel=\"noopener\">\n\t\t\t\t<img loading=\"lazy\" decoding=\"async\" src=\"https:\/\/gcf.community\/wp-content\/uploads\/2023\/05\/CEWWJ-Logo-C-300x238.png\" alt=\"CEWWJ Logo C\" itemprop=\"image\" height=\"238\" width=\"300\" title=\"Logotipo C de CEWWJ\" onerror=\"this.style.display='none'\"  \/>\n\t\t\t\t<\/a>\n<h2>\n\t\tImaginar\u2026\n\t<\/h2>\n<h3>\n\t\tni\u00f1os en todas partes\n\t<\/h3>\n<h3>\n\t\tcaminando con Jes\u00fas\n\t<\/h3>\n\t\t\t<button tabindex=\"0\" role=\"button\" aria-label=\"Men\u00fa\">\n\t\t\t\t\t\t\t<\/button>\n\t<nav aria-label=\"CEWWJ\" itemscope=\"itemscope\" itemtype=\"https:\/\/schema.org\/SiteNavigationElement\">\n\t\t<ul id=\"menu-cewwj\"><li id=\"menu-item-1760\"><a href=\"https:\/\/gcf.community\/es\/campaigns\/children-everywhere\/\" tabindex=\"0\" role=\"link\">Introducci\u00f3n<\/a><\/li><li id=\"menu-item-1769\"><a href=\"https:\/\/gcf.community\/es\/campaigns\/children-everywhere\/challenge\/\" aria-current=\"page\" tabindex=\"0\" role=\"link\">Desaf\u00edo<\/a><\/li><li id=\"menu-item-1770\"><a href=\"https:\/\/gcf.community\/es\/campaigns\/children-everywhere\/toolbox\/\" tabindex=\"0\" role=\"link\">Caja de instrumento<\/a><\/li><\/ul>\n\t\t\t<\/nav>\n\t<p>Pr\u00f3ximamente habr\u00e1 contenido. Por favor, lea <a href=\"https:\/\/childreneverywhere.com\/challenge\/\" target=\"_blank\" rel=\"noopener\">https:\/\/childreneverywhere.com\/challenge\/<\/a> mientras tanto.<\/p>","protected":false},"excerpt":{"rendered":"<p>Imagina\u2026 ni\u00f1os por todas partes caminando con Jes\u00fas. Contenido de la caja de herramientas del Desaf\u00edo Introductorio disponible pr\u00f3ximamente. Mientras tanto, consulta https:\/\/childreneverywhere.com\/challenge\/.<\/p>","protected":false},"author":1,"featured_media":0,"parent":1754,"menu_order":0,"comment_status":"closed","ping_status":"closed","template":"","meta":{"_acf_changed":false,"_seopress_robots_primary_cat":"","_seopress_titles_title":"","_seopress_titles_desc":"","_seopress_robots_index":"","footnotes":"","_links_to":"","_links_to_target":""},"categories":[1],"class_list":{"0":"post-1765","1":"page","2":"type-page","3":"status-publish","5":"category-uncategorized"},"acf":[],"_links":{"self":[{"href":"https:\/\/gcf.community\/es\/wp-json\/wp\/v2\/pages\/1765","targetHints":{"allow":["GET"]}}],"collection":[{"href":"https:\/\/gcf.community\/es\/wp-json\/wp\/v2\/pages"}],"about":[{"href":"https:\/\/gcf.community\/es\/wp-json\/wp\/v2\/types\/page"}],"author":[{"embeddable":true,"href":"https:\/\/gcf.community\/es\/wp-json\/wp\/v2\/users\/1"}],"replies":[{"embeddable":true,"href":"https:\/\/gcf.community\/es\/wp-json\/wp\/v2\/comments?post=1765"}],"version-history":[{"count":0,"href":"https:\/\/gcf.community\/es\/wp-json\/wp\/v2\/pages\/1765\/revisions"}],"up":[{"embeddable":true,"href":"https:\/\/gcf.community\/es\/wp-json\/wp\/v2\/pages\/1754"}],"wp:attachment":[{"href":"https:\/\/gcf.community\/es\/wp-json\/wp\/v2\/media?parent=1765"}],"wp:term":[{"taxonomy":"category","embeddable":true,"href":"https:\/\/gcf.community\/es\/wp-json\/wp\/v2\/categories?post=1765"}],"curies":[{"name":"wp","href":"https:\/\/api.w.org\/{rel}","templated":true}]}}