{"id":1719,"date":"2023-05-29T10:36:59","date_gmt":"2023-05-29T09:36:59","guid":{"rendered":"https:\/\/gcf.community\/?page_id=1719"},"modified":"2023-09-11T15:54:30","modified_gmt":"2023-09-11T14:54:30","slug":"statement","status":"publish","type":"page","link":"https:\/\/gcf.community\/es\/campaigns\/families-on-mission\/statement\/","title":{"rendered":"Declaraci\u00f3n"},"content":{"rendered":"<a href=\"https:\/\/gcf.community\/es\/campaigns\/families-on-mission\/\" target=\"_self\" itemprop=\"url\" rel=\"noopener\">\n\t\t\t\t<img loading=\"lazy\" decoding=\"async\" src=\"https:\/\/gcf.community\/wp-content\/uploads\/2023\/05\/fom-logo-portrait-transparent-for-white-background-600.png\" alt=\"fom logo portrait transparent for white background 600\" itemprop=\"image\" height=\"536\" width=\"600\" title=\"Logotipo de fom vertical transparente para fondo blanco 600\" onerror=\"this.style.display='none'\"  \/>\n\t\t\t\t<\/a>\n<h2>\n\t\tCada familia\n\t<\/h2>\n<h2>\n\t\tA trav\u00e9s de cada iglesia\n\t<\/h2>\n<h2>\n\t\tA cada comunidad\n\t<\/h2>\n\t\t\t<button tabindex=\"0\" role=\"button\" aria-label=\"Men\u00fa\">\n\t\t\t\t\t\t\t<\/button>\n\t<nav aria-label=\"FoM\" itemscope=\"itemscope\" itemtype=\"https:\/\/schema.org\/SiteNavigationElement\">\n\t\t<ul id=\"menu-fom\"><li id=\"menu-item-1752\"><a href=\"https:\/\/gcf.community\/es\/campaigns\/families-on-mission\/\">Introducci\u00f3n<\/a><\/li><li id=\"menu-item-1723\"><a href=\"https:\/\/gcf.community\/es\/campaigns\/families-on-mission\/statement\/\" aria-current=\"page\">Declaraci\u00f3n<\/a><\/li><li id=\"menu-item-1725\"><a href=\"https:\/\/gcf.community\/es\/campaigns\/families-on-mission\/report\/\">Informe<\/a><\/li><li id=\"menu-item-2204\"><a href=\"https:\/\/gcf.community\/es\/campaigns\/families-on-mission\/resources\/\">Recursos<\/a><\/li><li id=\"menu-item-1724\"><a href=\"https:\/\/gcf.community\/es\/campaigns\/families-on-mission\/showcase\/\">Escaparate<\/a><\/li><li id=\"menu-item-1731\"><a href=\"https:\/\/gcf.community\/es\/campaigns\/families-on-mission\/videos\/\">V\u00eddeos<\/a><\/li><\/ul>\n\t\t\t<\/nav>\n<h1>\n\t\tDeclaraci\u00f3n de S\u00e3o Paulo sobre las familias en misi\u00f3n\n\t<\/h1>\n\t<p>Dios nos ha creado para estar en <strong>comunidades<\/strong>, los m\u00e1s peque\u00f1os de los cuales son <strong>hogares<\/strong>Estas se combinan con otras familias para formar comunidades m\u00e1s grandes (pueblos, ciudades, etc.).<\/p>\n<p><strong>Juntos, los hogares cristianos forman iglesias.<\/strong><\/p>\n<p>Todas estas familias cristianas est\u00e1n llamadas a ser &#039;<strong>en misi\u00f3n<\/strong>&#039;: moldeando tanto la vida de sus propias familias como la vida de los dem\u00e1s, siendo <strong>sal<\/strong> y <strong>luz<\/strong> en la sociedad y llam\u00e1ndose unos a otros <strong>reflejar la imagen de Dios<\/strong>.<\/p>\n<p>Y si <strong>cada hogar cristiano<\/strong> \u00bfAceptaste estar en Misi\u00f3n? \u00bfY si...? <strong>todas las iglesias<\/strong> Apoy\u00f3 a esos hogares para que estuvieran en Misi\u00f3n para que la Iglesia se convirtiera en lo que Dios quer\u00eda que fuera, juntos <strong>impactando comunidades m\u00e1s amplias<\/strong>?<\/p>\n<p>\u00bfQu\u00e9 pasar\u00eda si, juntos, los hogares cristianos fueran como...<strong>ciudades en una colina<\/strong>&#039;, \u00bfiluminando y trayendo esperanza a los dem\u00e1s?<\/p>\n<p>Una visi\u00f3n como \u00e9sta exige que todos los hogares cristianos sean \u201c<strong>Familias en Misi\u00f3n<\/strong>&#039;, reflejando el prop\u00f3sito, la identidad y el llamado de las familias cristianas.<\/p>\n<p><strong>Oramos para que dejemos que el amor de Jes\u00fas entre en nuestros hogares para compartir Su luz con los dem\u00e1s.<\/strong><\/p>","protected":false},"excerpt":{"rendered":"<p>Cada familia. A trav\u00e9s de cada iglesia. A cada comunidad. Introducci\u00f3n. Declaraci\u00f3n. Informe. Recursos. Videos. Declaraci\u00f3n de S\u00e3o Paulo sobre Familias en Misi\u00f3n. Dios nos cre\u00f3 para vivir en comunidades, las m\u00e1s peque\u00f1as de las cuales son los hogares. Estos se unen con otras familias para formar comunidades m\u00e1s grandes (pueblos, ciudades, etc.). Juntos, los hogares cristianos forman iglesias. Todos estos cristianos\u2026 <a title=\"Declaraci\u00f3n\" class=\"read-more\" href=\"https:\/\/gcf.community\/es\/campaigns\/families-on-mission\/statement\/\" aria-label=\"Leer m\u00e1s sobre Declaraci\u00f3n\">Leer m\u00e1s<\/a><\/p>","protected":false},"author":1,"featured_media":0,"parent":1656,"menu_order":0,"comment_status":"closed","ping_status":"closed","template":"","meta":{"_acf_changed":false,"_seopress_robots_primary_cat":"","_seopress_titles_title":"","_seopress_titles_desc":"","_seopress_robots_index":"","footnotes":"","_links_to":"","_links_to_target":""},"categories":[1],"class_list":{"0":"post-1719","1":"page","2":"type-page","3":"status-publish","5":"category-uncategorized"},"acf":[],"_links":{"self":[{"href":"https:\/\/gcf.community\/es\/wp-json\/wp\/v2\/pages\/1719","targetHints":{"allow":["GET"]}}],"collection":[{"href":"https:\/\/gcf.community\/es\/wp-json\/wp\/v2\/pages"}],"about":[{"href":"https:\/\/gcf.community\/es\/wp-json\/wp\/v2\/types\/page"}],"author":[{"embeddable":true,"href":"https:\/\/gcf.community\/es\/wp-json\/wp\/v2\/users\/1"}],"replies":[{"embeddable":true,"href":"https:\/\/gcf.community\/es\/wp-json\/wp\/v2\/comments?post=1719"}],"version-history":[{"count":0,"href":"https:\/\/gcf.community\/es\/wp-json\/wp\/v2\/pages\/1719\/revisions"}],"up":[{"embeddable":true,"href":"https:\/\/gcf.community\/es\/wp-json\/wp\/v2\/pages\/1656"}],"wp:attachment":[{"href":"https:\/\/gcf.community\/es\/wp-json\/wp\/v2\/media?parent=1719"}],"wp:term":[{"taxonomy":"category","embeddable":true,"href":"https:\/\/gcf.community\/es\/wp-json\/wp\/v2\/categories?post=1719"}],"curies":[{"name":"wp","href":"https:\/\/api.w.org\/{rel}","templated":true}]}}