{"id":1711,"date":"2023-05-29T10:35:48","date_gmt":"2023-05-29T09:35:48","guid":{"rendered":"https:\/\/gcf.community\/?page_id=1711"},"modified":"2023-12-15T12:24:27","modified_gmt":"2023-12-15T12:24:27","slug":"report","status":"publish","type":"page","link":"https:\/\/gcf.community\/es\/campaigns\/families-on-mission\/report\/","title":{"rendered":"Informe"},"content":{"rendered":"<a href=\"https:\/\/gcf.community\/es\/campaigns\/families-on-mission\/\" target=\"_self\" itemprop=\"url\" rel=\"noopener\">\n\t\t\t\t<img loading=\"lazy\" decoding=\"async\" src=\"https:\/\/gcf.community\/wp-content\/uploads\/2023\/05\/fom-logo-portrait-transparent-for-white-background-600.png\" alt=\"fom logo portrait transparent for white background 600\" itemprop=\"image\" height=\"536\" width=\"600\" title=\"Logotipo de fom vertical transparente para fondo blanco 600\" onerror=\"this.style.display='none'\"  \/>\n\t\t\t\t<\/a>\n<h2>\n\t\tCada familia\n\t<\/h2>\n<h2>\n\t\tA trav\u00e9s de cada iglesia\n\t<\/h2>\n<h2>\n\t\tA cada comunidad\n\t<\/h2>\n\t\t\t<button tabindex=\"0\" aria-label=\"Men\u00fa\">\n\t\t\t\t\t\t\t<\/button>\n\t<nav aria-label=\"FoM\" itemscope=\"itemscope\" itemtype=\"https:\/\/schema.org\/SiteNavigationElement\">\n\t\t<ul id=\"menu-fom\"><li id=\"menu-item-1752\"><a href=\"https:\/\/gcf.community\/es\/campaigns\/families-on-mission\/\">Introducci\u00f3n<\/a><\/li><li id=\"menu-item-1723\"><a href=\"https:\/\/gcf.community\/es\/campaigns\/families-on-mission\/statement\/\">Declaraci\u00f3n<\/a><\/li><li id=\"menu-item-1725\"><a href=\"https:\/\/gcf.community\/es\/campaigns\/families-on-mission\/report\/\" aria-current=\"page\">Informe<\/a><\/li><li id=\"menu-item-2204\"><a href=\"https:\/\/gcf.community\/es\/campaigns\/families-on-mission\/resources\/\">Recursos<\/a><\/li><li id=\"menu-item-1724\"><a href=\"https:\/\/gcf.community\/es\/campaigns\/families-on-mission\/showcase\/\">Escaparate<\/a><\/li><li id=\"menu-item-1731\"><a href=\"https:\/\/gcf.community\/es\/campaigns\/families-on-mission\/videos\/\">V\u00eddeos<\/a><\/li><\/ul>\n\t\t\t<\/nav>\n<h1>\n\t\tResultados e iniciativas\n\t<\/h1>\n\t\t\t\tGeneraciones generosas\n\t\t\t\t<p>El grupo Generaciones Generosas (ahora conocido como &quot;GenG&quot;) ha comenzado a trabajar en diversas actividades y recursos. Tambi\u00e9n est\u00e1n considerando una &quot;Experiencia de Lanzamiento&quot; de GenG (inspirada en el Camino de la Generosidad, aunque \u00fanica en su expresi\u00f3n), dirigida a familias, iglesias y, posiblemente, a redes sociales (YouTube, TikTok, videojuegos, etc.).<\/p>\n\t\t\t\tConexiones globales\n\t\t\t\t<p>El grupo Conexiones Globales se enfrent\u00f3 a la pregunta de c\u00f3mo podemos ser portadores de la enfermedad en los pasos que damos. Queremos ser intencionales con las redes e iglesias con las que interactuamos. Queremos empoderar a las voces clave y a los l\u00edderes.<\/p>\n<p>El objetivo actual es desarrollar una hoja de ruta para los pr\u00f3ximos tres a\u00f1os, cuyos primeros pasos son trabajar en un descriptor simple, una declaraci\u00f3n m\u00e1s larga y un marco teol\u00f3gico para ayudar a otros a participar en colaboraci\u00f3n.<\/p>\n\t\t\t\tRecursos de la iglesia local\n\t\t\t\t<p>Reconocemos el papel central de las iglesias locales al ministrar a las familias. Queremos invertir en este \u00e1mbito mediante lo siguiente:<\/p>\n<ul>\n<li>Un kit de supervivencia para pastores (ellos tambi\u00e9n tienen familias rotas)<\/li>\n<li>Un recurso de la iglesia llamado &#039;D\u00eda de la Familia&#039; para ayudar a las familias a reunirse, divertirse y trabajar en el apoyo, las relaciones, el ritmo y las prioridades.<\/li>\n<\/ul>\n\t\t\t\tRecursos familiares\n\t\t\t\t<p>Nos estamos centrando en crear un conjunto de herramientas que incorporar\u00e1 lo siguiente:<\/p>\n<ul>\n<li>Un v\u00eddeo para comunidades e iglesias<\/li>\n<li>Un manual para madres (Solo Mama)<\/li>\n<li>Un juego para jugar en familia para hablar sobre lo que les gusta y no les gusta en la forma en que interact\u00faan entre s\u00ed: una buena manera de escuchar a los ni\u00f1os.<\/li>\n<\/ul>\n\t\t\t\tDigital\n\t\t\t\t<p>El \u00e1mbito digital es relevante para todos los grupos y contin\u00faa apoyando el desarrollo y la comunicaci\u00f3n de proyectos. Tambi\u00e9n estamos trabajando en lo siguiente:<\/p>\n<ul>\n<li>Desarrollar el uso del sitio web gcf.community y explorar c\u00f3mo \u00e9ste puede apoyar a la comunidad en general<\/li>\n<li>Exploramos c\u00f3mo hacer llegar los recursos de Familias en Misi\u00f3n a las personas, equip\u00e1ndolas y empoder\u00e1ndolas. Por ejemplo, buscamos desarrollar plantillas y recursos para organizaciones que les ayuden a empezar a crear nuevos recursos de Familias en Misi\u00f3n.<\/li>\n<\/ul>\n\t\t\t\tfamilia.fit\n\t\t\t\t<p>El programa family.fit sigue entusiasmando e inspirando. Actualmente estamos trabajando en lo siguiente:<\/p>\n<ul>\n<li>Ampliar la formaci\u00f3n disponible en el sitio web y hacerla m\u00e1s accesible para las escuelas de formaci\u00f3n.<\/li>\n<li>Grabaci\u00f3n de un v\u00eddeo en varios idiomas que explica FF a los pastores<\/li>\n<li>Mejorar los v\u00eddeos actuales a\u00f1adiendo subt\u00edtulos para mejorar la claridad<\/li>\n<li>Material de formaci\u00f3n sobre family.fit distribuido a m\u00e1s de 70 escuelas<\/li>\n<li>Se ha formado un equipo de redes sociales para crear nuevo contenido de family.fit<\/li>\n<li>Se ha creado un grupo de WhatsApp para campeones de family.fit con el fin de apoyarnos, compartir ideas y animarnos unos a otros como una comunidad de mejores pr\u00e1cticas.<\/li>\n<\/ul>\n\t\t\t\tCrianza de los hijos\n\t\t\t\t<p>\u00a1Los padres son importantes! Son fundamentales para las familias, modelos a seguir y responsables de guiar a las familias en su misi\u00f3n. Entre muchas ideas, hay dos en las que nos centramos primero:<\/p>\n<ul>\n<li>Un recurso clave como gu\u00eda pr\u00e1ctica para que las familias acompa\u00f1en a otras familias en su camino misional.<\/li>\n<li>Un recurso para que los l\u00edderes de la iglesia se capaciten en la crianza de los hijos<\/li>\n<\/ul>\n\t\t\t\tAbuelos\n\t\t\t\t<p>El papel de los abuelos puede ser fundamental. Actualmente estamos trabajando en lo siguiente:<\/p>\n<ul>\n<li>Creaci\u00f3n de un recurso para los primeros pasos: 10 ideas para que los abuelos est\u00e9n en una misi\u00f3n (estar\u00e1 disponible tanto en l\u00ednea como en versi\u00f3n impresa)<\/li>\n<li>Estamos trabajando en un paquete de recursos para iglesias para aumentar el perfil del uso de estos recursos.<\/li>\n<\/ul>\n\t<p>La celebraci\u00f3n de las reuniones en Brasil aport\u00f3 un excelente impulso a la energ\u00eda y las iniciativas de esta regi\u00f3n. Estamos trabajando en lo siguiente:<\/p>\n<ul>\n<li>Encontrar campeones en nuestra regi\u00f3n<\/li>\n<li>Conectarse a redes y asociaciones globales<\/li>\n<li>Empezando desde abajo mostrando ejemplos que puedan adaptarse y multiplicarse en nuestra regi\u00f3n.<\/li>\n<\/ul>\n\t\t\t\tAEL, la Alianza Regional de Evangelismo Latino\n\t\t\t\t<p>El tiempo compartido por nuestros miembros de AEL en el Foro fue muy \u00fatil para fortalecer las relaciones estrat\u00e9gicas con la Alianza Evang\u00e9lica Mundial e iniciar v\u00ednculos con la Alianza Evang\u00e9lica de \u00c1frica \u2013 Ni\u00f1os.<\/p>\n<p>Los representantes de la comisi\u00f3n AEL Ni\u00f1ez tambi\u00e9n se reunieron despu\u00e9s del Foro para evaluar y abordar los temas regionales que se desarrollar\u00e1n este a\u00f1o, fortaleciendo los equipos estrat\u00e9gicos a nivel nacional. Asimismo, se ha trabajado para contar, en Latinoam\u00e9rica, con una capacitaci\u00f3n h\u00edbrida global de alto perfil en Liderazgo con la Infancia, con el aval y certificado del Seminario Bethel de EE. UU.<\/p>\n\t\t\t\t Rede M\u00e3os Dados, Red de Ministerio Infantil de Brasil\n\t\t\t\t<p>Un beneficio significativo de reunirse en Brasil fue la oportunidad de intercambio de ideas entre los diferentes movimientos. Las prioridades clave del equipo de la Red Manos Dados incluyen:<\/p>\n<ul>\n<li>Estamos trabajando en un juego para que las familias exploren mejores formas de comunicar sus quejas cotidianas de forma saludable.<\/li>\n<li>Conozca m\u00e1s sobre el modus operandi del GCF y ac\u00e9rquese a esta manera de manifestar el llamado a la unidad en el reino de Cristo.<\/li>\n<li>Obtenga m\u00e1s informaci\u00f3n sobre family.fit y participe m\u00e1s.<\/li>\n<li>Conozca m\u00e1s sobre los planes de Experiencia de Liderazgo<\/li>\n<li>Explorando c\u00f3mo encontrar formas de incluir liderazgo m\u00e1s joven dentro de la red. <\/li>\n<\/ul>\n\t<p>Vea a continuaci\u00f3n el informe completo sobre nuestro tiempo juntos en S\u00e3o Paulo, o descargue el informe en formato PDF utilizando el bot\u00f3n a continuaci\u00f3n.<\/p>\n\t<a href=\"https:\/\/gcf.community\/wp-content\/uploads\/2023\/05\/Sao-Paulo-Report-compressed.pdf\" target=\"_self\" role=\"button\" download=\"Sao-Paulo-Report-compressed.pdf\" aria-label=\"Informe completo (PDF)\" rel=\"noopener\">\n\t\t\t\t\t\tInforme completo (PDF)\n\t\t\t\t\t<\/a>\n\t        <div class=\"embedpress-document-embed ose-document ep-doc-d7fcf3f3b136871a304a78937b86779c\" style=\"width: 730px; height: 450px;; max-width:100%; display: block\">\n                                    <iframe title=\"Informe de S\u00e3o Paulo -comprimido\" allowfullscreen=\"true\" mozallowfullscreen=\"true\" webkitallowfullscreen=\"true\" style=\"width: 730px; height: 450px;; max-width:100%; display: inline-block\" data-emsrc=\"https:\/\/gcf.community\/wp-content\/uploads\/2023\/05\/Sao-Paulo-Report-compressed.pdf\" data-emid=\"embedpress-pdf-shortcode\" class=\"embedpress-embed-document-pdf embedpress-pdf-shortcode\" src=\"https:\/\/gcf.community\/wp-admin\/admin-ajax.php?action=get_viewer&#038;file=https%3A%2F%2Fgcf.community%2Fwp-content%2Fuploads%2F2023%2F05%2FSao-Paulo-Report-compressed.pdf#key=dGhlbWVNb2RlPWRlZmF1bHQmdG9vbGJhcj10cnVlJmxhenlMb2FkPWZhbHNlJnBvc2l0aW9uPXRvcCZwcmVzZW50YXRpb249dHJ1ZSZkb3dubG9hZD10cnVlJmNvcHlfdGV4dD10cnVlJmFkZF90ZXh0PXRydWUmZHJhdz10cnVlJmRvY19yb3RhdGlvbj10cnVlJmFkZF9pbWFnZT10cnVlJmRvY19kZXRhaWxzPXRydWUmc2VsZWN0aW9uX3Rvb2w9MCZzY3JvbGxpbmc9LTEmc3ByZWFkcz0tMSZ6b29tX2luPXRydWUmem9vbV9vdXQ9dHJ1ZSZmaXRfdmlldz10cnVlJmJvb2ttYXJrPXRydWUmc291bmQ9dHJ1ZSZmbGlwYm9va190b29sYmFyX3Bvc2l0aW9uPWJvdHRvbQ==\" frameborder=\"0\">\n                        <\/iframe>\n                            <\/div>","protected":false},"excerpt":{"rendered":"<p>Cada familia, a trav\u00e9s de cada iglesia, a cada comunidad, introducci\u00f3n, declaraci\u00f3n, informe, recursos, presentaci\u00f3n, videos, resultados e iniciativas, Generaciones Generosas. El grupo Generaciones Generosas (ahora conocido como &quot;GenG&quot;) ha comenzado a trabajar en diversas actividades y recursos. Tambi\u00e9n est\u00e1n considerando una &quot;Experiencia de Lanzamiento&quot; de GenG (inspirada en el Camino de la Generosidad; aunque \u00fanica en... <a title=\"Informe\" class=\"read-more\" href=\"https:\/\/gcf.community\/es\/campaigns\/families-on-mission\/report\/\" aria-label=\"Leer m\u00e1s sobre Informe\">Leer m\u00e1s<\/a><\/p>","protected":false},"author":1,"featured_media":0,"parent":1656,"menu_order":0,"comment_status":"closed","ping_status":"closed","template":"","meta":{"_acf_changed":false,"_seopress_robots_primary_cat":"","_seopress_titles_title":"","_seopress_titles_desc":"","_seopress_robots_index":"","footnotes":"","_links_to":"","_links_to_target":""},"categories":[1],"class_list":{"0":"post-1711","1":"page","2":"type-page","3":"status-publish","5":"category-uncategorized"},"acf":[],"_links":{"self":[{"href":"https:\/\/gcf.community\/es\/wp-json\/wp\/v2\/pages\/1711","targetHints":{"allow":["GET"]}}],"collection":[{"href":"https:\/\/gcf.community\/es\/wp-json\/wp\/v2\/pages"}],"about":[{"href":"https:\/\/gcf.community\/es\/wp-json\/wp\/v2\/types\/page"}],"author":[{"embeddable":true,"href":"https:\/\/gcf.community\/es\/wp-json\/wp\/v2\/users\/1"}],"replies":[{"embeddable":true,"href":"https:\/\/gcf.community\/es\/wp-json\/wp\/v2\/comments?post=1711"}],"version-history":[{"count":1,"href":"https:\/\/gcf.community\/es\/wp-json\/wp\/v2\/pages\/1711\/revisions"}],"predecessor-version":[{"id":2350,"href":"https:\/\/gcf.community\/es\/wp-json\/wp\/v2\/pages\/1711\/revisions\/2350"}],"up":[{"embeddable":true,"href":"https:\/\/gcf.community\/es\/wp-json\/wp\/v2\/pages\/1656"}],"wp:attachment":[{"href":"https:\/\/gcf.community\/es\/wp-json\/wp\/v2\/media?parent=1711"}],"wp:term":[{"taxonomy":"category","embeddable":true,"href":"https:\/\/gcf.community\/es\/wp-json\/wp\/v2\/categories?post=1711"}],"curies":[{"name":"wp","href":"https:\/\/api.w.org\/{rel}","templated":true}]}}