{"id":1687,"date":"2023-05-27T10:30:07","date_gmt":"2023-05-27T09:30:07","guid":{"rendered":"https:\/\/gcf.community\/?page_id=1687"},"modified":"2026-02-13T16:49:08","modified_gmt":"2026-02-13T16:49:08","slug":"participate","status":"publish","type":"page","link":"https:\/\/gcf.community\/es\/participate\/","title":{"rendered":"Participar"},"content":{"rendered":"<h1>\n\t\t\t\u00a1Complicarse!\t<\/h1>\n\t<p>\u00bfTe gustar\u00eda formar parte del Foro Mundial de la Infancia? \u00a1Es muy sencillo! Un buen primer paso es suscribirte a nuestro bolet\u00edn informativo (abajo). Recibir\u00e1s actualizaciones sobre nuestras noticias y eventos presenciales y en l\u00ednea.<\/p>\n<p>Quiz\u00e1s tengas una historia que compartir sobre el ministerio infantil. \u00a1Nos encantar\u00eda escucharla tambi\u00e9n!<\/p>\n<p>Si tienes alguna pregunta no dudes en preguntar.<\/p>\n\t<a href=\"https:\/\/gcf.community\/es\/participate\/subscribe\/\" target=\"_self\" role=\"button\" aria-label=\"Suscr\u00edbete a las actualizaciones\">\n\t\t\t\t\t\tSuscr\u00edbete a las actualizaciones\n\t\t\t\t\t<\/a>\n\t<a href=\"https:\/\/gcf.community\/es\/participate\/share-your-story\/\" target=\"_self\" role=\"button\" aria-label=\"Comparte tu historia\">\n\t\t\t\t\t\tComparte tu historia\n\t\t\t\t\t<\/a>\n\t<a href=\"https:\/\/gcf.community\/es\/contact\/\" target=\"_self\" role=\"button\" aria-label=\"Ponte en contacto con nosotros\">\n\t\t\t\t\t\tPonte en contacto con nosotros\n\t\t\t\t\t<\/a>","protected":false},"excerpt":{"rendered":"<p>\u00a1Participa! \u00bfTe gustar\u00eda formar parte del Foro Mundial de la Infancia? \u00a1Es muy sencillo! Un buen primer paso es suscribirte a nuestro bolet\u00edn informativo (abajo). Recibir\u00e1s actualizaciones sobre nuestras noticias y eventos presenciales y en l\u00ednea. Quiz\u00e1s tengas una historia que compartir sobre el ministerio infantil. Nos gustar\u00eda\u2026 <a title=\"Participar\" class=\"read-more\" href=\"https:\/\/gcf.community\/es\/participate\/\" aria-label=\"Leer m\u00e1s sobre Participar\">Leer m\u00e1s<\/a><\/p>","protected":false},"author":1,"featured_media":0,"parent":0,"menu_order":0,"comment_status":"closed","ping_status":"closed","template":"","meta":{"_acf_changed":false,"_seopress_robots_primary_cat":"","_seopress_titles_title":"","_seopress_titles_desc":"","_seopress_robots_index":"","footnotes":"","_links_to":"","_links_to_target":""},"categories":[1],"class_list":{"0":"post-1687","1":"page","2":"type-page","3":"status-publish","5":"category-uncategorized"},"acf":[],"_links":{"self":[{"href":"https:\/\/gcf.community\/es\/wp-json\/wp\/v2\/pages\/1687","targetHints":{"allow":["GET"]}}],"collection":[{"href":"https:\/\/gcf.community\/es\/wp-json\/wp\/v2\/pages"}],"about":[{"href":"https:\/\/gcf.community\/es\/wp-json\/wp\/v2\/types\/page"}],"author":[{"embeddable":true,"href":"https:\/\/gcf.community\/es\/wp-json\/wp\/v2\/users\/1"}],"replies":[{"embeddable":true,"href":"https:\/\/gcf.community\/es\/wp-json\/wp\/v2\/comments?post=1687"}],"version-history":[{"count":1,"href":"https:\/\/gcf.community\/es\/wp-json\/wp\/v2\/pages\/1687\/revisions"}],"predecessor-version":[{"id":3219,"href":"https:\/\/gcf.community\/es\/wp-json\/wp\/v2\/pages\/1687\/revisions\/3219"}],"wp:attachment":[{"href":"https:\/\/gcf.community\/es\/wp-json\/wp\/v2\/media?parent=1687"}],"wp:term":[{"taxonomy":"category","embeddable":true,"href":"https:\/\/gcf.community\/es\/wp-json\/wp\/v2\/categories?post=1687"}],"curies":[{"name":"wp","href":"https:\/\/api.w.org\/{rel}","templated":true}]}}