{"id":1656,"date":"2023-05-26T16:18:46","date_gmt":"2023-05-26T15:18:46","guid":{"rendered":"https:\/\/gcf.community\/?page_id=1656"},"modified":"2023-09-11T15:55:02","modified_gmt":"2023-09-11T14:55:02","slug":"families-on-mission","status":"publish","type":"page","link":"https:\/\/gcf.community\/es\/campaigns\/families-on-mission\/","title":{"rendered":"Familias en Misi\u00f3n"},"content":{"rendered":"<a href=\"https:\/\/gcf.community\/es\/campaigns\/families-on-mission\/\" target=\"_self\" itemprop=\"url\" rel=\"noopener\">\n\t\t\t\t<img loading=\"lazy\" decoding=\"async\" src=\"https:\/\/gcf.community\/wp-content\/uploads\/2023\/05\/fom-logo-portrait-transparent-for-white-background-600.png\" alt=\"fom logo portrait transparent for white background 600\" itemprop=\"image\" height=\"536\" width=\"600\" title=\"Logotipo de fom vertical transparente para fondo blanco 600\" onerror=\"this.style.display='none'\"  \/>\n\t\t\t\t<\/a>\n<h2>\n\t\tCada familia\n\t<\/h2>\n<h2>\n\t\tA trav\u00e9s de cada iglesia\n\t<\/h2>\n<h2>\n\t\tA cada comunidad\n\t<\/h2>\n\t\t\t<button tabindex=\"0\" role=\"button\" aria-label=\"Men\u00fa\">\n\t\t\t\t\t\t\t<\/button>\n\t<nav aria-label=\"FoM\" itemscope=\"itemscope\" itemtype=\"https:\/\/schema.org\/SiteNavigationElement\">\n\t\t<ul id=\"menu-fom\"><li id=\"menu-item-1752\"><a href=\"https:\/\/gcf.community\/es\/campaigns\/families-on-mission\/\" aria-current=\"page\">Introducci\u00f3n<\/a><\/li><li id=\"menu-item-1723\"><a href=\"https:\/\/gcf.community\/es\/campaigns\/families-on-mission\/statement\/\">Declaraci\u00f3n<\/a><\/li><li id=\"menu-item-1725\"><a href=\"https:\/\/gcf.community\/es\/campaigns\/families-on-mission\/report\/\">Informe<\/a><\/li><li id=\"menu-item-2204\"><a href=\"https:\/\/gcf.community\/es\/campaigns\/families-on-mission\/resources\/\">Recursos<\/a><\/li><li id=\"menu-item-1724\"><a href=\"https:\/\/gcf.community\/es\/campaigns\/families-on-mission\/showcase\/\">Escaparate<\/a><\/li><li id=\"menu-item-1731\"><a href=\"https:\/\/gcf.community\/es\/campaigns\/families-on-mission\/videos\/\">V\u00eddeos<\/a><\/li><\/ul>\n\t\t\t<\/nav>\n<h1>\n\t\tIntroducci\u00f3n\n\t<\/h1>\n\t<p>Ha habido un creciente inter\u00e9s en las necesidades de las familias y en c\u00f3mo podemos servirles mejor junto con los ni\u00f1os. Debates recientes plantearon el reto de ver c\u00f3mo un mill\u00f3n de familias en todo el mundo abrazan lo que significa pensar y actuar con vocaci\u00f3n misional. Al observar las necesidades que nos rodean en el mundo, y como colaboradores del Reino, comenzamos a so\u00f1ar c\u00f3mo Dios podr\u00eda abrir un camino para equipar y liberar a 100 millones de familias misionales mientras exploramos y servimos juntos.<\/p>\n<p>En marzo de 2023 nos reunimos en S\u00e3o Paulo como un foro de colaboraci\u00f3n que reuni\u00f3 a equipos de GCF, GOPlay, Go Health &amp; Fitness, Generous Generation, family.fit y Rede M\u00e3os Dados. Juntos buscamos servir a ni\u00f1os, j\u00f3venes y familias, con un enfoque especial en las familias misionales, explorando c\u00f3mo podemos crecer como comunidades de aprendizaje, incubando ideas contagiosas juntos y centr\u00e1ndonos especialmente en la inversi\u00f3n en l\u00edderes j\u00f3venes.<\/p>\n<p>El foro de S\u00e3o Paulo puso en marcha varios grupos de trabajo y proyectos. Estos incluyeron el an\u00e1lisis de las iglesias locales, el rol de los padres y abuelos, el alcance regional, global y digital, y un grupo especial que explora el \u00e1mbito integral de la generosidad.<\/p>\n<p>Descargue el informe en formato PDF utilizando el bot\u00f3n a continuaci\u00f3n.<\/p>\n\t<a href=\"https:\/\/gcf.community\/wp-content\/uploads\/2023\/05\/Sao-Paulo-Report-compressed.pdf\" target=\"_self\" role=\"button\" download=\"Sao-Paulo-Report-compressed.pdf\" aria-label=\"Informe completo (PDF)\" rel=\"noopener\">\n\t\t\t\t\t\tInforme completo (PDF)\n\t\t\t\t\t<\/a>","protected":false},"excerpt":{"rendered":"<p>Cada familia, a trav\u00e9s de cada iglesia, a cada comunidad, introducci\u00f3n, declaraci\u00f3n, informe, recursos, presentaci\u00f3n, videos, introducci\u00f3n. Se ha generado un creciente inter\u00e9s en las necesidades de las familias y en c\u00f3mo podemos servirles mejor junto con los ni\u00f1os. Debates recientes plantearon el reto de c\u00f3mo podr\u00edamos ver a un mill\u00f3n de familias en todo el mundo abrazando lo que significa\u2026 <a title=\"Familias en Misi\u00f3n\" class=\"read-more\" href=\"https:\/\/gcf.community\/es\/campaigns\/families-on-mission\/\" aria-label=\"Leer m\u00e1s sobre Familias en Misi\u00f3n\">Leer m\u00e1s<\/a><\/p>","protected":false},"author":1,"featured_media":0,"parent":1652,"menu_order":0,"comment_status":"closed","ping_status":"closed","template":"","meta":{"_acf_changed":false,"_seopress_robots_primary_cat":"","_seopress_titles_title":"","_seopress_titles_desc":"","_seopress_robots_index":"","footnotes":"","_links_to":"","_links_to_target":""},"categories":[1],"class_list":{"0":"post-1656","1":"page","2":"type-page","3":"status-publish","5":"category-uncategorized"},"acf":[],"_links":{"self":[{"href":"https:\/\/gcf.community\/es\/wp-json\/wp\/v2\/pages\/1656","targetHints":{"allow":["GET"]}}],"collection":[{"href":"https:\/\/gcf.community\/es\/wp-json\/wp\/v2\/pages"}],"about":[{"href":"https:\/\/gcf.community\/es\/wp-json\/wp\/v2\/types\/page"}],"author":[{"embeddable":true,"href":"https:\/\/gcf.community\/es\/wp-json\/wp\/v2\/users\/1"}],"replies":[{"embeddable":true,"href":"https:\/\/gcf.community\/es\/wp-json\/wp\/v2\/comments?post=1656"}],"version-history":[{"count":0,"href":"https:\/\/gcf.community\/es\/wp-json\/wp\/v2\/pages\/1656\/revisions"}],"up":[{"embeddable":true,"href":"https:\/\/gcf.community\/es\/wp-json\/wp\/v2\/pages\/1652"}],"wp:attachment":[{"href":"https:\/\/gcf.community\/es\/wp-json\/wp\/v2\/media?parent=1656"}],"wp:term":[{"taxonomy":"category","embeddable":true,"href":"https:\/\/gcf.community\/es\/wp-json\/wp\/v2\/categories?post=1656"}],"curies":[{"name":"wp","href":"https:\/\/api.w.org\/{rel}","templated":true}]}}