{"id":1634,"date":"2023-05-24T06:35:06","date_gmt":"2023-05-24T05:35:06","guid":{"rendered":"https:\/\/gcf.community\/?page_id=1634"},"modified":"2023-07-28T08:38:21","modified_gmt":"2023-07-28T07:38:21","slug":"resilient-faith","status":"publish","type":"page","link":"https:\/\/gcf.community\/es\/events\/resilient-faith\/","title":{"rendered":"Fe resiliente"},"content":{"rendered":"<h1>\n\t\tFe resiliente\n\t<\/h1>\n\t<p>Puedes ver o descargar los PDF de las presentaciones de este evento a continuaci\u00f3n.<\/p>\n\t        <div class=\"embedpress-document-embed ose-document ep-doc-d7fcf3f3b136871a304a78937b86779c\" style=\"width: 730px; height: 450px;; max-width:100%; display: block\">\n                                    <iframe title=\"Forjando una fe resiliente \u2013 Londres\" allowfullscreen=\"true\" mozallowfullscreen=\"true\" webkitallowfullscreen=\"true\" style=\"width: 730px; height: 450px;; max-width:100%; display: inline-block\" data-emsrc=\"https:\/\/gcf.community\/wp-content\/uploads\/2023\/07\/Forming-Resilient-Faith-London.pdf\" data-emid=\"embedpress-pdf-shortcode\" class=\"embedpress-embed-document-pdf embedpress-pdf-shortcode\" src=\"https:\/\/gcf.community\/wp-admin\/admin-ajax.php?action=get_viewer&#038;file=https%3A%2F%2Fgcf.community%2Fwp-content%2Fuploads%2F2023%2F07%2FForming-Resilient-Faith-London.pdf#key=dGhlbWVNb2RlPWRlZmF1bHQmdG9vbGJhcj10cnVlJmxhenlMb2FkPWZhbHNlJnBvc2l0aW9uPXRvcCZwcmVzZW50YXRpb249dHJ1ZSZkb3dubG9hZD10cnVlJmNvcHlfdGV4dD10cnVlJmFkZF90ZXh0PXRydWUmZHJhdz10cnVlJmRvY19yb3RhdGlvbj10cnVlJmFkZF9pbWFnZT10cnVlJmRvY19kZXRhaWxzPXRydWUmc2VsZWN0aW9uX3Rvb2w9MCZzY3JvbGxpbmc9LTEmc3ByZWFkcz0tMSZ6b29tX2luPXRydWUmem9vbV9vdXQ9dHJ1ZSZmaXRfdmlldz10cnVlJmJvb2ttYXJrPXRydWUmc291bmQ9dHJ1ZSZmbGlwYm9va190b29sYmFyX3Bvc2l0aW9uPWJvdHRvbQ==\" frameborder=\"0\">\n                        <\/iframe>\n                            <\/div>\n\n\n\t        <div class=\"embedpress-document-embed ose-document ep-doc-d7fcf3f3b136871a304a78937b86779c\" style=\"width: 730px; height: 450px;; max-width:100%; display: block\">\n                                    <iframe title=\"FFG \u2013 Introducci\u00f3n a FaithFull Gen 2023\" allowfullscreen=\"true\" mozallowfullscreen=\"true\" webkitallowfullscreen=\"true\" style=\"width: 730px; height: 450px;; max-width:100%; display: inline-block\" data-emsrc=\"https:\/\/gcf.community\/wp-content\/uploads\/2023\/07\/FFG-Intro-to-FaithFull-Gen-2023.pdf\" data-emid=\"embedpress-pdf-shortcode\" class=\"embedpress-embed-document-pdf embedpress-pdf-shortcode\" src=\"https:\/\/gcf.community\/wp-admin\/admin-ajax.php?action=get_viewer&#038;file=https%3A%2F%2Fgcf.community%2Fwp-content%2Fuploads%2F2023%2F07%2FFFG-Intro-to-FaithFull-Gen-2023.pdf#key=dGhlbWVNb2RlPWRlZmF1bHQmdG9vbGJhcj10cnVlJmxhenlMb2FkPWZhbHNlJnBvc2l0aW9uPXRvcCZwcmVzZW50YXRpb249dHJ1ZSZkb3dubG9hZD10cnVlJmNvcHlfdGV4dD10cnVlJmFkZF90ZXh0PXRydWUmZHJhdz10cnVlJmRvY19yb3RhdGlvbj10cnVlJmFkZF9pbWFnZT10cnVlJmRvY19kZXRhaWxzPXRydWUmc2VsZWN0aW9uX3Rvb2w9MCZzY3JvbGxpbmc9LTEmc3ByZWFkcz0tMSZ6b29tX2luPXRydWUmem9vbV9vdXQ9dHJ1ZSZmaXRfdmlldz10cnVlJmJvb2ttYXJrPXRydWUmc291bmQ9dHJ1ZSZmbGlwYm9va190b29sYmFyX3Bvc2l0aW9uPWJvdHRvbQ==\" frameborder=\"0\">\n                        <\/iframe>\n                            <\/div>\n\n\n<h2>\n\t\tV\u00eddeos\n\t<\/h2>\n\t<p>Puedes ver los v\u00eddeos a los que hacemos referencia en la presentaci\u00f3n a continuaci\u00f3n.<\/p>\n\t<iframe allowfullscreen allow=\"autoplay\" data-src=\"https:\/\/www.youtube.com\/embed\/LqdClOGj-bw?feature=oembed&amp;start&amp;end&amp;wmode=opaque&amp;loop=0&amp;controls=1&amp;mute=0&amp;rel=0&amp;modestbranding=0\" title=\"Apunta m\u00e1s bajo\"><\/iframe>\t\t\n\t\t\t\t\tPlay Video\n\t\t\tAim Lower\n\t<iframe allowfullscreen allow=\"autoplay\" data-src=\"https:\/\/www.youtube.com\/embed\/0V30KEbO0fw?feature=oembed&amp;start&amp;end&amp;wmode=opaque&amp;loop=0&amp;controls=1&amp;mute=0&amp;rel=0&amp;modestbranding=0\" title=\"Promoci\u00f3n del Foro de Discipulado Infantil 2023\"><\/iframe>\t\t\n\t\t\t\t\tPlay Video\n\t\t\t2023 Child Discipleship Forum Promo\n\t<iframe allowfullscreen allow=\"autoplay\" data-src=\"https:\/\/www.youtube.com\/embed\/tW6ekRp_eCE?feature=oembed&amp;start&amp;end&amp;wmode=opaque&amp;loop=0&amp;controls=1&amp;mute=0&amp;rel=0&amp;modestbranding=0\" title=\"El brillante futuro de la Iglesia \"><\/iframe>\t\t\n\t\t\t\t\tPlay Video\n\t\t\tThe brite Future of the Church \n<h2>\n\t\tNotas de resumen\n\t<\/h2>\n\t<p>Our meeting on &#8220;Resilient Faith&#8221; was a rich exploration of the challenges and opportunities facing child discipleship in a post-Christian, hyper-individualised society. The principal theme was the necessity of counter-cultural formation and the integration of new knowledge and tools into discipleship practices. We explored the metaphor of outdated maps which served as a powerful symbol of the need for churches to update their approaches to discipleship, and discussed the impact of cultural formation, the idea of counter formation, and the need for a new approach in the face of a rapidly changing world.<\/p>\n<p>We discussed the importance of forming lasting faith in children through discipleship. Awana shared a framework of &#8220;cultural formation&#8221; (how the surrounding culture shapes children) versus &#8220;counter formation&#8221; (intentional efforts to shape children&#8217;s faith).<\/p>\n<p>La formaci\u00f3n cultural se refiere al proceso mediante el cual los ni\u00f1os se moldean en las culturas predominantes de sus sociedades. Este proceso var\u00eda considerablemente seg\u00fan el contexto cultural. Por ejemplo, un ni\u00f1o que crece en Irak se formar\u00eda en una cultura predominantemente musulmana, mientras que un ni\u00f1o en Nueva York, Los \u00c1ngeles o Londres crecer\u00eda en lo que hemos denominado una cultura poscristiana o altamente secularizada.<\/p>\n<p>The term post-Christian is used to describe a culture that seeks the benefits and outcomes associated with Christian principles, such as justice, love, freedom, joy, contentment, peace, and happiness, without the religious underpinning. This concept is likened to a bouquet of flowers cut off from its roots, with society enjoying the &#8220;flowers&#8221; but disregarding the source: the triune God, the scriptures, and the local church.<\/p>\n<p>El secularismo, definido como el rechazo de Dios con \u00e9nfasis en el individualismo, se debati\u00f3 como otro cambio social significativo. Tambi\u00e9n abordamos la idea de la hiperindividualizaci\u00f3n, que se vincula con la noci\u00f3n del individualismo expresivo, el enfoque en la autoexpresi\u00f3n y la individualidad. Exploramos c\u00f3mo este concepto ha evolucionado en los \u00faltimos dos o tres siglos, dando lugar a una compleja mezcla de formaciones culturales a nivel mundial.<\/p>\n<p>Awana noted that the past decade has been a wake-up call for those in the U.S., especially those not living on the coast, to understand the impact of these societal shifts on children&#8217;s discipleship.<\/p>\n<p>Introduciendo el concepto de contraformaci\u00f3n, recurrimos a las ense\u00f1anzas de Jes\u00fas en Mateo 5-7. <em>&#8220;Broad is the path that leads to destruction and many will find it. Narrow is the path that leads to life and few will find it.&#8221;<\/em> This can be interpreted as a call to counter-cultural formation. We also looked at Jesus&#8217;s teachings on prayer, particularly the phrase, <em>&#8220;Thy kingdom come, thy will be done on earth as it is in heaven,&#8221;<\/em> como un llamado al discipulado y la importancia de la contraformaci\u00f3n para lograrlo.<\/p>\n<p>Awana gave an overview of the evolution of children&#8217;s ministry in the U.S, talking about a time when the U.S. was a majority Christian culture, and the church&#8217;s focus was mostly inward. However, they acknowledge this was an illusion and that not enough thought was given to the dominant cultures of the day. Most churches in the U.S. are still in the process of waking up to the new reality, which requires a different approach to discipleship.<\/p>\n<p>The discussion then shifted to the concept of generations and how one&#8217;s generation affects one&#8217;s worldview. We discussed how different generations have different experiences with mapping technology, which serves as a metaphor for how they navigate the world and approach discipleship.<\/p>\n<p>Awana used the metaphor of outdated maps to express a concern that many in children&#8217;s ministry are using outdated methods, or &#8220;old maps,&#8221; based on an understanding of the world that&#8217;s no longer accurate. This metaphor is illustrated through a series of actual maps, starting from large physical maps, through the development of Garmin technology, to MapQuest, and finally modern app-based navigation systems.<\/p>\n<p>As\u00ed como la tecnolog\u00eda cartogr\u00e1fica ha evolucionado, tambi\u00e9n deben hacerlo los enfoques del discipulado. Analizamos un mapa del siglo XVI como ejemplo, mostrando que, si bien sus creadores hicieron lo mejor que pudieron con la informaci\u00f3n y la tecnolog\u00eda disponibles en aquel entonces, ahora contamos con m\u00e1s conocimientos y mejores herramientas que debemos utilizar.<\/p>\n<p>In the same vein, children&#8217;s ministries, particularly in the U.S., are still operating based on the &#8220;old maps&#8221; from the &#8217;70s, &#8217;80s, and &#8217;90s. We discussed how we now have more information on political literacy, mental health, relational connection, and belonging, among other things. It&#8217;s crucial to integrate this new information into discipleship practices, rather than continuing to operate based on outdated models.<\/p>\n<p>We had a discussion around the need to shift from &#8220;children&#8217;s ministry&#8221; that is focused on programs and activities, to &#8220;child discipleship&#8221; that is focused on forming faith. Awana shared a model of discipleship focused on the 3Bs &#8211; <strong>Pertenecer<\/strong>, <strong>Creer<\/strong>, <strong>Convertirse<\/strong>.<\/p>\n<ul>\n<li><strong>Pertenecer<\/strong> Se refiere a crear una comunidad relacional y acogedora para los ni\u00f1os.<\/li>\n<li><strong>Creer<\/strong> Se refiere a involucrar a los ni\u00f1os con las Escrituras y el mensaje del evangelio.<\/li>\n<li><strong>Convertirse<\/strong> Se refiere a ayudar a los ni\u00f1os a aprender a seguir a Jes\u00fas y vivir su fe.<\/li>\n<\/ul>\n<p>We looked at research showing the importance of relationships: how one caring adult can make a huge difference in a child&#8217;s faith journey. This showed a clear need to equip parents and church leaders for discipleship.<\/p>\n<p>Hablamos de c\u00f3mo la cultura que nos rodea ha cambiado para ser m\u00e1s secular y poscristiana y lo que esto implica en t\u00e9rminos de que los ni\u00f1os vivan su fe y c\u00f3mo los padres y l\u00edderes pueden ayudar a superar las divisiones en este contexto cultural.<\/p>\n<p>Cubrimos temas como hacer que la iglesia sea una experiencia, fomentar la comunidad intergeneracional y caminar con los ni\u00f1os mientras navegan y comprenden la cultura, con un \u00e9nfasis claro en la formaci\u00f3n de la identidad en Cristo.<\/p>\n<p>Discutimos la necesidad de profundizar en las cuestiones de los enfoques obsoletos y la necesidad de cambio e innovaci\u00f3n que tengan potencial transformador.<\/p>\n<h2>\n\t\tRese\u00f1a de Compass\n\t<\/h2>\n\t<p>Durante nuestra sesi\u00f3n hicimos una revisi\u00f3n de la br\u00fajula:<\/p>\n<ul>\n<li><strong>Norte<\/strong> &#8211; What are the Needs<\/li>\n<li><strong>Este<\/strong> &#8211; What Excites you<\/li>\n<li><strong>Oeste<\/strong> &#8211; What Worries you<\/li>\n<li><strong>Sur<\/strong> &#8211; What Steps might we consider<\/li>\n<\/ul>\n<p>Puede ver las notas del rotafolio a continuaci\u00f3n. Haga clic en una imagen para ampliarla. Puede hacer clic derecho para guardar las im\u00e1genes.<\/p>\n\t\t\t\t\t\t\t\t\t\t\t\t\t\t\t\t\t<a href=\"https:\/\/gcf.community\/wp-content\/uploads\/2023\/07\/IMG_5071-1-scaled.jpeg\" target=\"_self\" data-caption=\"Needs\" rel=\"noopener\">\n\t\t\t\t\t\t<figure>\n\t\t\t\t\t\t\t\t\t\t\t\t\t\t\t<img decoding=\"async\" src=\"https:\/\/gcf.community\/wp-content\/uploads\/2023\/07\/IMG_5071-1-225x300.jpeg\" alt=\"\" \/>\n\t\t\t\t\t\t\t\t\t\t\t\t\t\t\t<!-- Overlay Wrapper -->\n\t\t\t\t\t\t\t\t\t\t\t\tNecesidades\t\t\t\t\t\t\t\t\t\t\t\n\t\t\t\t\t\t\t\t <!-- Overlay Wrapper Closed -->\n\t\t\t\t\t\t\t\t\t\t\t\t\t<\/figure>\n\t\t\t\t\t\t\t\t\t\t<\/a>\n\t\t\t\t\t\t\t\t\t\t\t\t\t\t\t\t\t<a href=\"https:\/\/gcf.community\/wp-content\/uploads\/2023\/07\/IMG_5072-1-scaled.jpeg\" target=\"_self\" data-caption=\"Excites\" rel=\"noopener\">\n\t\t\t\t\t\t<figure>\n\t\t\t\t\t\t\t\t\t\t\t\t\t\t\t<img decoding=\"async\" src=\"https:\/\/gcf.community\/wp-content\/uploads\/2023\/07\/IMG_5072-1-225x300.jpeg\" alt=\"\" \/>\n\t\t\t\t\t\t\t\t\t\t\t\t\t\t\t<!-- Overlay Wrapper -->\n\t\t\t\t\t\t\t\t\t\t\t\tEmociona\t\t\t\t\t\t\t\t\t\t\t\n\t\t\t\t\t\t\t\t <!-- Overlay Wrapper Closed -->\n\t\t\t\t\t\t\t\t\t\t\t\t\t<\/figure>\n\t\t\t\t\t\t\t\t\t\t<\/a>\n\t\t\t\t\t\t\t\t\t\t\t\t\t\t\t\t\t<a href=\"https:\/\/gcf.community\/wp-content\/uploads\/2023\/07\/IMG_5073-1-scaled.jpeg\" target=\"_self\" data-caption=\"Worries\" rel=\"noopener\">\n\t\t\t\t\t\t<figure>\n\t\t\t\t\t\t\t\t\t\t\t\t\t\t\t<img decoding=\"async\" src=\"https:\/\/gcf.community\/wp-content\/uploads\/2023\/07\/IMG_5073-1-225x300.jpeg\" alt=\"\" \/>\n\t\t\t\t\t\t\t\t\t\t\t\t\t\t\t<!-- Overlay Wrapper -->\n\t\t\t\t\t\t\t\t\t\t\t\tPreocupaciones\t\t\t\t\t\t\t\t\t\t\t\n\t\t\t\t\t\t\t\t <!-- Overlay Wrapper Closed -->\n\t\t\t\t\t\t\t\t\t\t\t\t\t<\/figure>\n\t\t\t\t\t\t\t\t\t\t<\/a>\n\t\t\t\t\t\t\t\t\t\t\t\t\t\t\t\t\t<a href=\"https:\/\/gcf.community\/wp-content\/uploads\/2023\/07\/IMG_5074-1-scaled.jpeg\" target=\"_self\" data-caption=\"Steps\" rel=\"noopener\">\n\t\t\t\t\t\t<figure>\n\t\t\t\t\t\t\t\t\t\t\t\t\t\t\t<img decoding=\"async\" src=\"https:\/\/gcf.community\/wp-content\/uploads\/2023\/07\/IMG_5074-1-225x300.jpeg\" alt=\"\" \/>\n\t\t\t\t\t\t\t\t\t\t\t\t\t\t\t<!-- Overlay Wrapper -->\n\t\t\t\t\t\t\t\t\t\t\t\tPasos\t\t\t\t\t\t\t\t\t\t\t\n\t\t\t\t\t\t\t\t <!-- Overlay Wrapper Closed -->\n\t\t\t\t\t\t\t\t\t\t\t\t\t<\/figure>\n\t\t\t\t\t\t\t\t\t\t<\/a>\n\t\t\t\t\t\t<!-- pagination -->\n\t<h2>\n\t\tEnlaces \u00fatiles\n\t<\/h2>\n\t<p><strong>Foro de discipulado infantil<\/strong>: <a href=\"https:\/\/childdiscipleship.com\/child-discipleship-forum\/\" target=\"_blank\" rel=\"noopener\">https:\/\/childdiscipleship.com\/child-discipleship-forum\/<\/a><\/p>\n<p><strong>Children&#8217;s Ministry in a New Reality<\/strong>: <a href=\"https:\/\/shop.barna.com\/products\/childrens-ministry-in-a-new-reality\" target=\"_blank\" rel=\"noopener\">https:\/\/shop.barna.com\/products\/childrens-ministry-in-a-new-reality<\/a><\/p>\n<p><strong>Levantando la tapa<\/strong>: <a href=\"https:\/\/faithfullgeneration.com\/lifting-the-lid-forums\/\" target=\"_blank\" rel=\"noopener\">https:\/\/faithfullgeneration.com\/lifting-the-lid-forums\/<\/a><\/p>","protected":false},"excerpt":{"rendered":"<p>Resilient Faith You can view or download the PDFs of the presentations from this event below. Videos You can view the videos we referred to in the presentation below. Play Video Aim Lower Play Video 2023 Child Discipleship Forum Promo Play Video The brite Future of the Church Summary Notes Our meeting on &#8220;Resilient Faith&#8221; &#8230; <a title=\"Fe resiliente\" class=\"read-more\" href=\"https:\/\/gcf.community\/es\/events\/resilient-faith\/\" aria-label=\"Leer m\u00e1s sobre Resilient Faith\">Leer m\u00e1s<\/a><\/p>","protected":false},"author":1,"featured_media":0,"parent":629,"menu_order":0,"comment_status":"closed","ping_status":"closed","template":"","meta":{"_acf_changed":false,"_seopress_robots_primary_cat":"","_seopress_titles_title":"","_seopress_titles_desc":"","_seopress_robots_index":"","footnotes":"","_links_to":"","_links_to_target":""},"categories":[81],"class_list":{"0":"post-1634","1":"page","2":"type-page","3":"status-publish","5":"category-events"},"acf":[],"_links":{"self":[{"href":"https:\/\/gcf.community\/es\/wp-json\/wp\/v2\/pages\/1634","targetHints":{"allow":["GET"]}}],"collection":[{"href":"https:\/\/gcf.community\/es\/wp-json\/wp\/v2\/pages"}],"about":[{"href":"https:\/\/gcf.community\/es\/wp-json\/wp\/v2\/types\/page"}],"author":[{"embeddable":true,"href":"https:\/\/gcf.community\/es\/wp-json\/wp\/v2\/users\/1"}],"replies":[{"embeddable":true,"href":"https:\/\/gcf.community\/es\/wp-json\/wp\/v2\/comments?post=1634"}],"version-history":[{"count":0,"href":"https:\/\/gcf.community\/es\/wp-json\/wp\/v2\/pages\/1634\/revisions"}],"up":[{"embeddable":true,"href":"https:\/\/gcf.community\/es\/wp-json\/wp\/v2\/pages\/629"}],"wp:attachment":[{"href":"https:\/\/gcf.community\/es\/wp-json\/wp\/v2\/media?parent=1634"}],"wp:term":[{"taxonomy":"category","embeddable":true,"href":"https:\/\/gcf.community\/es\/wp-json\/wp\/v2\/categories?post=1634"}],"curies":[{"name":"wp","href":"https:\/\/api.w.org\/{rel}","templated":true}]}}