{"id":1576,"date":"2023-04-20T18:45:23","date_gmt":"2023-04-20T17:45:23","guid":{"rendered":"https:\/\/gcf.community\/?page_id=1576"},"modified":"2023-10-24T08:38:02","modified_gmt":"2023-10-24T07:38:02","slug":"registration","status":"publish","type":"page","link":"https:\/\/gcf.community\/es\/events\/ethiopia2023\/registration\/","title":{"rendered":"Registro"},"content":{"rendered":"<h1>\n\t\tFondo Verde para el Clima de Etiop\u00eda 2023\n\t<\/h1>\n\t\t\t<button tabindex=\"0\" aria-label=\"Men\u00fa\">\n\t\t\t\t\t\t\t<\/button>\n\t<nav aria-label=\"Etiop\u00eda\" itemscope=\"itemscope\" itemtype=\"https:\/\/schema.org\/SiteNavigationElement\">\n\t\t<ul id=\"menu-ethiopia\"><li id=\"menu-item-1790\"><a href=\"https:\/\/gcf.community\/es\/events\/ethiopia2023\/registration\/\" aria-current=\"page\">Registro<\/a><\/li><li id=\"menu-item-2277\"><a href=\"https:\/\/gcf.community\/es\/events\/ethiopia2023\/confirmation\/\">Confirmaci\u00f3n<\/a><\/li><li id=\"menu-item-1797\"><a href=\"https:\/\/gcf.community\/es\/events\/ethiopia2023\/payment\/\">Pago<\/a><\/li><li id=\"menu-item-2292\"><a href=\"https:\/\/gcf.community\/es\/events\/ethiopia2023\/important-messages\/\">Important messages<\/a><\/li><\/ul>\n\t\t\t<\/nav>\n<h2>\n\t\tFormulario de inscripci\u00f3n\n\t<\/h2>\n\t<p>We are delighted to announce that the next gathering of the Global Children&#8217;s Forum will take place in Addis Ababa, Ethiopia from the evening meal on <strong>Martes 7 de noviembre<\/strong> hasta el desayuno <strong>Domingo 12 de noviembre de 2023<\/strong>.<\/p>\n\t\t\t\t\t<a href=\"javascript:void(0);\" id=\"fl-accordion--label-0\" tabindex=\"0\" aria-controls=\"fl-accordion--panel-0\">\u00bfPor qu\u00e9 deber\u00eda venir?<\/a>\n\t\t\t\t\t\t\t\t\t\t\t<a href=\"#\" id=\"fl-accordion--icon-0\" tabindex=\"-1\" aria-controls=\"fl-accordion--panel-0\"><i>Expand<\/i><\/a>\n\t\t\t\t\t<p>Han sucedido muchas cosas en los \u00faltimos a\u00f1os, donde viajar no ha sido posible, y en muchos sentidos a\u00fan nos estamos adaptando a los cambios. En marzo de este a\u00f1o, nuestra Comunidad del FCM, junto con equipos de GOPlay, family.fit y Generaci\u00f3n Generosa, se reuni\u00f3 en S\u00e3o Paulo, Brasil, con el enfoque principal en Familias en Misi\u00f3n. Se formaron varios equipos de trabajo para proyectos, y el trabajo en ellos contin\u00faa despu\u00e9s de la reuni\u00f3n en Brasil. \u00a1Estamos emocionados por ver los resultados a medida que seguimos trabajando para alcanzar nuestra meta de equipar a 100 millones de familias misionales!<\/p>\n<p>As we meet in November in Addis, the work on Families on Mission will continue to focus on seeking God&#8217;s guidance on how to equip missional families in an African context. There has been growing momentum around the needs of families and how we can best serve them alongside children. As we look at the needs around us in our world, specifically in Africa and as we come together as Kingdom partners, could we even begin to imagine how we could see God open the way to equip 100 million missional families?<\/p>\n<p>Tenemos la visi\u00f3n de que los ni\u00f1os de todo el mundo caminen con Jes\u00fas. Acomp\u00e1\u00f1enos durante unos d\u00edas preciosos para orar, explorar, aprender y crear juntos, mientras profundizamos en las reuniones que celebramos en Brasil en el contexto de las siguientes \u00e1reas:<\/p>\n<ul>\n<li><strong>Liderazgo<\/strong>\n<ul>\n<li>Liberar a j\u00f3venes l\u00edderes para que sean pioneros en la pr\u00f3xima temporada<\/li>\n<li>Conectar mentores y aprendices, ampliando el desarrollo del liderazgo<\/li>\n<li>Desarrollar estrategias de multiplicaci\u00f3n para la Experiencia de Liderazgo<\/li>\n<\/ul>\n<\/li>\n<li><strong>Pilotos regionales de la comunidad de aprendizaje<\/strong>\n<ul>\n<li>Conectar y acelerar las comunidades regionales de aprendizaje en Am\u00e9rica Latina, \u00c1frica, Asia y Europa<\/li>\n<li>Integrar la Experiencia de Liderazgo como estrategia de multiplicaci\u00f3n del ADN del GCF<\/li>\n<\/ul>\n<\/li>\n<li><strong>Innovaci\u00f3n<\/strong>\n<ul>\n<li>Construir equipos h\u00edbridos de FlashLab para innovar en torno a proyectos clave (family.fit, Experiencia de liderazgo, Familia, Regiones, Academia)<\/li>\n<\/ul>\n<\/li>\n<\/ul>\n<p>Las reuniones en Ad\u00eds Abeba incluir\u00e1n a representantes de instituciones teol\u00f3gicas, l\u00edderes de iglesias, l\u00edderes ministeriales, profesionales locales y j\u00f3venes l\u00edderes. Las reuniones del FCM son innovadoras, profundas y una gran comunidad de compa\u00f1erismo familiar.<\/p>\n<p>If you are new to GCF please be assured that we are a welcoming community! We prioritise a warm and friendly atmosphere, ensuring that newcomers feel at ease.\u00a0If you&#8217;re joining us for the first time, we&#8217;re excited to help you navigate through our time together, support you in making new friends, and familiarise yourself with the different aspects of the groups and projects.<\/p>\n\t<p>Nuestras reuniones se llevar\u00e1n a cabo en el <a href=\"https:\/\/www.elianahotel.com\/\" target=\"_blank\" rel=\"noopener\">Hotel Grand Eliana<\/a> Ubicado aqu\u00ed:<\/p>\n\t<iframe src=\"https:\/\/www.google.com\/maps\/embed?pb=!1m18!1m12!1m3!1d3940.3685937515565!2d38.74956814206024!3d9.030100697551262!2m3!1f0!2f0!3f0!3m2!1i1024!2i768!4f13.1!3m3!1m2!1s0x164b85f137eb0829%3A0xc367647315386be6!2sEliana%20Hotel%20%7C%20Piazza!5e0!3m2!1sen!2suk!4v1683127388262!5m2!1sen!2suk\" width=\"1020\" height=\"450\" allowfullscreen=\"\" loading=\"lazy\" referrerpolicy=\"no-referrer-when-downgrade\"><\/iframe>\n\t<p>El <em>Hotel Grand Eliana<\/em> Est\u00e1 situado a 10 km del Aeropuerto Internacional de Addis Abeba Bole (ADD).<\/p>\n\t\t\t\t\t\t\t\t\t\t\t\t\t\t\t\t\t<a href=\"https:\/\/gcf.community\/wp-content\/uploads\/2023\/05\/Deluxe-Queen-2-400x300-1.jpg\" target=\"_self\" data-caption=\"\" rel=\"noopener\">\n\t\t\t\t\t\t<figure>\n\t\t\t\t\t\t\t\t\t\t\t\t\t\t\t<img decoding=\"async\" src=\"https:\/\/gcf.community\/wp-content\/uploads\/2023\/05\/Deluxe-Queen-2-400x300-1.jpg\" alt=\"\" \/>\n\t\t\t\t\t\t\t\t\t\t\t\t\t<\/figure>\n\t\t\t\t\t\t\t\t\t\t<\/a>\n\t\t\t\t\t\t\t\t\t\t\t\t\t\t\t\t\t<a href=\"https:\/\/gcf.community\/wp-content\/uploads\/2023\/05\/Eliana-hotel-2-400x300-1.jpg\" target=\"_self\" data-caption=\"\" rel=\"noopener\">\n\t\t\t\t\t\t<figure>\n\t\t\t\t\t\t\t\t\t\t\t\t\t\t\t<img decoding=\"async\" src=\"https:\/\/gcf.community\/wp-content\/uploads\/2023\/05\/Eliana-hotel-2-400x300-1.jpg\" alt=\"\" \/>\n\t\t\t\t\t\t\t\t\t\t\t\t\t<\/figure>\n\t\t\t\t\t\t\t\t\t\t<\/a>\n\t\t\t\t\t\t\t\t\t\t\t\t\t\t\t\t\t<a href=\"https:\/\/gcf.community\/wp-content\/uploads\/2023\/05\/Eliana-hotel-4-400x300-1.jpg\" target=\"_self\" data-caption=\"\" rel=\"noopener\">\n\t\t\t\t\t\t<figure>\n\t\t\t\t\t\t\t\t\t\t\t\t\t\t\t<img decoding=\"async\" src=\"https:\/\/gcf.community\/wp-content\/uploads\/2023\/05\/Eliana-hotel-4-400x300-1.jpg\" alt=\"\" \/>\n\t\t\t\t\t\t\t\t\t\t\t\t\t<\/figure>\n\t\t\t\t\t\t\t\t\t\t<\/a>\n\t\t\t\t\t\t\t\t\t\t\t\t\t\t\t\t\t<a href=\"https:\/\/gcf.community\/wp-content\/uploads\/2023\/05\/Eliana-hotel-5-400x300-1.jpg\" target=\"_self\" data-caption=\"\" rel=\"noopener\">\n\t\t\t\t\t\t<figure>\n\t\t\t\t\t\t\t\t\t\t\t\t\t\t\t<img decoding=\"async\" src=\"https:\/\/gcf.community\/wp-content\/uploads\/2023\/05\/Eliana-hotel-5-400x300-1.jpg\" alt=\"\" \/>\n\t\t\t\t\t\t\t\t\t\t\t\t\t<\/figure>\n\t\t\t\t\t\t\t\t\t\t<\/a>\n\t\t\t\t\t\t\t\t\t\t\t\t\t\t\t\t\t<a href=\"https:\/\/gcf.community\/wp-content\/uploads\/2023\/05\/Eliana-hotel-6-400x300-1.jpg\" target=\"_self\" data-caption=\"\" rel=\"noopener\">\n\t\t\t\t\t\t<figure>\n\t\t\t\t\t\t\t\t\t\t\t\t\t\t\t<img decoding=\"async\" src=\"https:\/\/gcf.community\/wp-content\/uploads\/2023\/05\/Eliana-hotel-6-400x300-1.jpg\" alt=\"\" \/>\n\t\t\t\t\t\t\t\t\t\t\t\t\t<\/figure>\n\t\t\t\t\t\t\t\t\t\t<\/a>\n\t\t\t\t\t\t\t\t\t\t\t\t\t\t\t\t\t<a href=\"https:\/\/gcf.community\/wp-content\/uploads\/2023\/05\/Eliana-hotel-7-400x300-1.jpg\" target=\"_self\" data-caption=\"\" rel=\"noopener\">\n\t\t\t\t\t\t<figure>\n\t\t\t\t\t\t\t\t\t\t\t\t\t\t\t<img decoding=\"async\" src=\"https:\/\/gcf.community\/wp-content\/uploads\/2023\/05\/Eliana-hotel-7-400x300-1.jpg\" alt=\"\" \/>\n\t\t\t\t\t\t\t\t\t\t\t\t\t<\/figure>\n\t\t\t\t\t\t\t\t\t\t<\/a>\n\t\t\t\t\t\t\t\t\t\t\t\t\t\t\t\t\t<a href=\"https:\/\/gcf.community\/wp-content\/uploads\/2023\/05\/Eliana-hotel-8-400x300-1.jpg\" target=\"_self\" data-caption=\"\" rel=\"noopener\">\n\t\t\t\t\t\t<figure>\n\t\t\t\t\t\t\t\t\t\t\t\t\t\t\t<img decoding=\"async\" src=\"https:\/\/gcf.community\/wp-content\/uploads\/2023\/05\/Eliana-hotel-8-400x300-1.jpg\" alt=\"\" \/>\n\t\t\t\t\t\t\t\t\t\t\t\t\t<\/figure>\n\t\t\t\t\t\t\t\t\t\t<\/a>\n\t\t\t\t\t\t\t\t\t\t\t\t\t\t\t\t\t<a href=\"https:\/\/gcf.community\/wp-content\/uploads\/2023\/05\/Eliana-hotel-10-400x300-1.jpg\" target=\"_self\" data-caption=\"\" rel=\"noopener\">\n\t\t\t\t\t\t<figure>\n\t\t\t\t\t\t\t\t\t\t\t\t\t\t\t<img decoding=\"async\" src=\"https:\/\/gcf.community\/wp-content\/uploads\/2023\/05\/Eliana-hotel-10-400x300-1.jpg\" alt=\"\" \/>\n\t\t\t\t\t\t\t\t\t\t\t\t\t<\/figure>\n\t\t\t\t\t\t\t\t\t\t<\/a>\n\t\t\t\t\t\t\t\t\t\t\t\t\t\t\t\t\t<a href=\"https:\/\/gcf.community\/wp-content\/uploads\/2023\/05\/Eliana-hotel-11-400x300-1.jpg\" target=\"_self\" data-caption=\"\" rel=\"noopener\">\n\t\t\t\t\t\t<figure>\n\t\t\t\t\t\t\t\t\t\t\t\t\t\t\t<img decoding=\"async\" src=\"https:\/\/gcf.community\/wp-content\/uploads\/2023\/05\/Eliana-hotel-11-400x300-1.jpg\" alt=\"\" \/>\n\t\t\t\t\t\t\t\t\t\t\t\t\t<\/figure>\n\t\t\t\t\t\t\t\t\t\t<\/a>\n\t\t\t\t\t\t\t\t\t\t\t\t\t\t\t\t\t<a href=\"https:\/\/gcf.community\/wp-content\/uploads\/2023\/05\/Elliana-Gallery-2-400x300-1.jpg\" target=\"_self\" data-caption=\"\" rel=\"noopener\">\n\t\t\t\t\t\t<figure>\n\t\t\t\t\t\t\t\t\t\t\t\t\t\t\t<img decoding=\"async\" src=\"https:\/\/gcf.community\/wp-content\/uploads\/2023\/05\/Elliana-Gallery-2-400x300-1.jpg\" alt=\"\" \/>\n\t\t\t\t\t\t\t\t\t\t\t\t\t<\/figure>\n\t\t\t\t\t\t\t\t\t\t<\/a>\n\t\t\t\t\t\t\t\t\t\t\t\t\t\t\t\t\t<a href=\"https:\/\/gcf.community\/wp-content\/uploads\/2023\/05\/Elliana-Gallery-10-400x300-1.jpg\" target=\"_self\" data-caption=\"\" rel=\"noopener\">\n\t\t\t\t\t\t<figure>\n\t\t\t\t\t\t\t\t\t\t\t\t\t\t\t<img decoding=\"async\" src=\"https:\/\/gcf.community\/wp-content\/uploads\/2023\/05\/Elliana-Gallery-10-400x300-1.jpg\" alt=\"\" \/>\n\t\t\t\t\t\t\t\t\t\t\t\t\t<\/figure>\n\t\t\t\t\t\t\t\t\t\t<\/a>\n\t\t\t\t\t\t\t\t\t\t\t\t\t\t\t\t\t<a href=\"https:\/\/gcf.community\/wp-content\/uploads\/2023\/05\/Elliana-Gallery-15-400x300-1.jpg\" target=\"_self\" data-caption=\"\" rel=\"noopener\">\n\t\t\t\t\t\t<figure>\n\t\t\t\t\t\t\t\t\t\t\t\t\t\t\t<img decoding=\"async\" src=\"https:\/\/gcf.community\/wp-content\/uploads\/2023\/05\/Elliana-Gallery-15-400x300-1.jpg\" alt=\"\" \/>\n\t\t\t\t\t\t\t\t\t\t\t\t\t<\/figure>\n\t\t\t\t\t\t\t\t\t\t<\/a>\n\t\t\t\t\t\t<!-- pagination -->\n\t<h3>Notas importantes<\/h3>\n<hr \/>\n<ul>\n<li>Todos los precios a continuaci\u00f3n est\u00e1n en d\u00f3lares estadounidenses.<\/li>\n<li>Nuestras reuniones comenzar\u00e1n con la cena del martes 7 de noviembre. Les rogamos que lleguen con tiempo para el inicio de las reuniones.<\/li>\n<li>Nuestras reuniones finalizar\u00e1n despu\u00e9s del desayuno del domingo 12 de noviembre. Les rogamos que planeen quedarse durante las reuniones y organicen su viaje de regreso una vez finalizadas.<\/li>\n<\/ul>\n<p><strong>Para aquellos que vienen de fuera de Etiop\u00eda:<\/strong><\/p>\n<ul>\n<li>Ser\u00e1 necesario que proporcione un seguro de viaje.<\/li>\n<li>Su pasaporte debe ser v\u00e1lido por seis meses despu\u00e9s de su fecha de entrada.<\/li>\n<\/ul>\n\t\t\t\t\t<a href=\"javascript:void(0);\" id=\"fl-accordion--label-0\" tabindex=\"0\" aria-controls=\"fl-accordion--panel-0\">COVID-19<\/a>\n\t\t\t\t\t\t\t\t\t\t\t<a href=\"#\" id=\"fl-accordion--icon-0\" tabindex=\"-1\" aria-controls=\"fl-accordion--panel-0\"><i>Expand<\/i><\/a>\n\t\t\t\t\t<ul>\n<li>Al momento de escribir este art\u00edculo (mayo de 2023) no es necesario poder proporcionar evidencia de una vacunaci\u00f3n contra la Covid-19 o un resultado negativo reciente de una prueba.<\/li>\n<li><strong>Sin embargo<\/strong>, some countries require you to show proof of vaccination when returning home. Please check with your country&#8217;s immigration department whether this will apply to you.<\/li>\n<li>Est\u00e1 prohibido entrar a Etiop\u00eda a cualquier persona que sepa que est\u00e1 infectada con Covid-19.<\/li>\n<li>Toda persona que presente s\u00edntomas de Covid-19 tiene el deber de usar adecuadamente una mascarilla, hacerse la prueba y, si recibe un resultado positivo, aislarse hasta que d\u00e9 negativo.<\/li>\n<li>Please note that guidance may change and it is your responsibility to check with your national government&#8217;s advice on travel to Ethiopia.<\/li>\n<li>En ocasiones, podr\u00eda ser necesario usar mascarilla para cumplir con la normativa local. Por favor, traiga su propia mascarilla.<\/li>\n<\/ul>\n\t\t\t\t\t<a href=\"javascript:void(0);\" id=\"fl-accordion--label-1\" tabindex=\"0\" aria-controls=\"fl-accordion--panel-1\">Transporte desde\/hacia el aeropuerto<\/a>\n\t\t\t\t\t\t\t\t\t\t\t<a href=\"#\" id=\"fl-accordion--icon-1\" tabindex=\"-1\" aria-controls=\"fl-accordion--panel-1\"><i>Expand<\/i><\/a>\n\t\t\t\t\t<ul>\n<li>Proporcionaremos transporte desde el Aeropuerto Internacional Bole de Ad\u00eds Abeba (ADD) hasta el recinto para quienes lleguen el martes 7 de noviembre. El aeropuerto est\u00e1 a aproximadamente 30 minutos en coche del recinto. Si llega fuera de ese horario, podr\u00eda necesitar organizar su propio transporte, como Ride, Feres, etc.<\/li>\n<li>Proporcionaremos transporte de ida y vuelta al Aeropuerto Internacional Bole de Addis Abeba (ADD) desde el lugar de celebraci\u00f3n para cualquier salida el domingo 12 de noviembre. Si su salida es fuera de esa hora, es posible que deba organizar su propio transporte, como Ride, Feres, etc.<\/li>\n<li>El transporte desde el aeropuerto se realizar\u00e1 en grupos de llegadas. Es posible que tenga que esperar un rato mientras llegan otros pasajeros. De igual forma, el transporte de regreso al aeropuerto se realizar\u00e1 en grupos de salidas.<\/li>\n<\/ul>\n<h3>\n\t\tLas inscripciones ya est\u00e1n cerradas.\n\t<\/h3>","protected":false},"excerpt":{"rendered":"<p>GCF Ethiopia 2023 Registration Confirmation Payment Important messages Registration Form We are delighted to announce that the next gathering of the Global Children&#8217;s Forum will take place in Addis Ababa, Ethiopia from the evening meal on Tuesday 7th November through to breakfast on Sunday 12th November 2023. Why should I come? Expand So much has &#8230; <a title=\"Registro\" class=\"read-more\" href=\"https:\/\/gcf.community\/es\/events\/ethiopia2023\/registration\/\" aria-label=\"Leer m\u00e1s sobre Registration\">Leer m\u00e1s<\/a><\/p>","protected":false},"author":1,"featured_media":0,"parent":1574,"menu_order":0,"comment_status":"closed","ping_status":"closed","template":"","meta":{"_acf_changed":false,"_seopress_robots_primary_cat":"","_seopress_titles_title":"","_seopress_titles_desc":"Registrations now open! We are excited to announce the GCF \/ GoPlay \/ family.fit meetings which will take place in Farol IBMAlphaville in Brazil.","_seopress_robots_index":"","footnotes":"","_links_to":"","_links_to_target":""},"categories":[],"class_list":["post-1576","page","type-page","status-publish"],"acf":[],"_links":{"self":[{"href":"https:\/\/gcf.community\/es\/wp-json\/wp\/v2\/pages\/1576","targetHints":{"allow":["GET"]}}],"collection":[{"href":"https:\/\/gcf.community\/es\/wp-json\/wp\/v2\/pages"}],"about":[{"href":"https:\/\/gcf.community\/es\/wp-json\/wp\/v2\/types\/page"}],"author":[{"embeddable":true,"href":"https:\/\/gcf.community\/es\/wp-json\/wp\/v2\/users\/1"}],"replies":[{"embeddable":true,"href":"https:\/\/gcf.community\/es\/wp-json\/wp\/v2\/comments?post=1576"}],"version-history":[{"count":1,"href":"https:\/\/gcf.community\/es\/wp-json\/wp\/v2\/pages\/1576\/revisions"}],"predecessor-version":[{"id":2301,"href":"https:\/\/gcf.community\/es\/wp-json\/wp\/v2\/pages\/1576\/revisions\/2301"}],"up":[{"embeddable":true,"href":"https:\/\/gcf.community\/es\/wp-json\/wp\/v2\/pages\/1574"}],"wp:attachment":[{"href":"https:\/\/gcf.community\/es\/wp-json\/wp\/v2\/media?parent=1576"}],"wp:term":[{"taxonomy":"category","embeddable":true,"href":"https:\/\/gcf.community\/es\/wp-json\/wp\/v2\/categories?post=1576"}],"curies":[{"name":"wp","href":"https:\/\/api.w.org\/{rel}","templated":true}]}}