{"id":1033,"date":"2023-03-16T08:34:47","date_gmt":"2023-03-16T08:34:47","guid":{"rendered":"https:\/\/gcf.community\/?page_id=1033"},"modified":"2023-03-17T07:30:58","modified_gmt":"2023-03-17T07:30:58","slug":"roles-within-a-work-team","status":"publish","type":"page","link":"https:\/\/gcf.community\/es\/tools\/creative-thinking-process\/roles-within-a-work-team\/","title":{"rendered":"Roles dentro de un equipo de trabajo"},"content":{"rendered":"<h3>\n\t\tHerramientas\n\t<\/h3>\n<h1>\n\t\tProceso de pensamiento creativo\n\t<\/h1>\n\t<h4><strong>Roles dentro de un equipo de trabajo<\/strong><\/h4>\n<p>Ven a la reuni\u00f3n listo para aportar tus ideas. Lo haremos de muchas maneras.<\/p>\n<p>Recuerda tener confianza, pero tambi\u00e9n humildad. Habr\u00e1 personas que trabajen en ingl\u00e9s como segundo o tercer idioma. As\u00ed que, si eres hablante nativo de ingl\u00e9s, ante todo, escucha. Dale tiempo y espacio a las ideas de los dem\u00e1s antes de dar tu opini\u00f3n.<\/p>\n<p>&nbsp;<\/p>\n<div id=\"footable_parent_1178\"\n         class=\"footable_parent ninja_table_wrapper loading_ninja_table wp_table_data_press_parent semantic_ui\">\n                <table data-ninja_table_instance=\"ninja_table_instance_0\" data-footable_id=\"1178\" data-filter-delay=\"1000\" aria-label=\"Roles dentro de un equipo de trabajo\"            id=\"footable_1178\"\n           data-unique_identifier=\"ninja_table_unique_id_3121766257_1178\"\n           class=\"foo-table ninja_footable foo_table_1178 ninja_table_unique_id_3121766257_1178 ui table  nt_type_legacy_table selectable striped vertical_centered  footable-paging-right ninjatable_hide_header_row ninja_table_search_disabled ninja_table_pro\">\n                <colgroup>\n                            <col class=\"ninja_column_0\">\n                            <col class=\"ninja_column_1\">\n                    <\/colgroup>\n        <thead>\n<tr class=\"footable-header\">\n                                        <th scope=\"col\"  class=\"ninja_column_0 ninja_clmn_nm_title\">T\u00edtulo<\/th><th scope=\"col\"  class=\"ninja_column_1 ninja_clmn_nm_role\">Role<\/th><\/tr>\n<\/thead>\n<tbody>\n\n        <tr data-row_id=\"7\" class=\"ninja_table_row_0 nt_row_id_7\">\n            <td>Facilitador<\/td><td>Aclara la visi\u00f3n, el prop\u00f3sito y la audiencia; apoya al equipo y facilita el proceso de escritura hacia el objetivo final.<\/td>        <\/tr>\n            <tr data-row_id=\"8\" class=\"ninja_table_row_1 nt_row_id_8\">\n            <td>Personas con ideas y visionarios<\/td><td>Aporta ideas para ser incluidas como contenido.<\/td>        <\/tr>\n            <tr data-row_id=\"9\" class=\"ninja_table_row_2 nt_row_id_9\">\n            <td>practicantes<\/td><td>(Estos son pastores, padres, animadores juveniles, instructores, l\u00edderes, hijos e hijas, etc.) Aporta ideas para ser incluidas como contenido. Puede desempe\u00f1ar m\u00faltiples roles, como padre o animador juvenil. <\/td>        <\/tr>\n            <tr data-row_id=\"10\" class=\"ninja_table_row_3 nt_row_id_10\">\n            <td>Escritores<\/td><td>Documentar l\u00f3gicamente notas detalladas de las ideas clave compartidas por las personas con ideas, los visionarios y los profesionales.<\/td>        <\/tr>\n            <tr data-row_id=\"11\" class=\"ninja_table_row_4 nt_row_id_11\">\n            <td>Editor\/Finalizadores<\/td><td>Trabaja con el escritor para garantizar que el contenido fluya bien y para garantizar la finalizaci\u00f3n del recurso verificando hechos, gram\u00e1tica, ortograf\u00eda, puntuaci\u00f3n, etc. <\/td>        <\/tr>\n    <\/tbody><!--ninja_tobody_rendering_done-->\n    <\/table>\n    \n    \n    \n<\/div>","protected":false},"excerpt":{"rendered":"<p>Tools Creative Thinking Process Roles within a Work Team Come to the gathering ready to contribute your ideas. There will be many ways we will be doing this. Remember to be confident but also have an attitude of humility. There will be people working in English as their second or third language. So, if you &#8230; <a title=\"Roles dentro de un equipo de trabajo\" class=\"read-more\" href=\"https:\/\/gcf.community\/es\/tools\/creative-thinking-process\/roles-within-a-work-team\/\" aria-label=\"Leer m\u00e1s sobre Roles within a work team\">Leer m\u00e1s<\/a><\/p>","protected":false},"author":1,"featured_media":0,"parent":784,"menu_order":0,"comment_status":"closed","ping_status":"closed","template":"","meta":{"_acf_changed":false,"_seopress_robots_primary_cat":"","_seopress_titles_title":"","_seopress_titles_desc":"","_seopress_robots_index":"","footnotes":"","_links_to":"","_links_to_target":""},"categories":[],"class_list":["post-1033","page","type-page","status-publish"],"acf":[],"_links":{"self":[{"href":"https:\/\/gcf.community\/es\/wp-json\/wp\/v2\/pages\/1033","targetHints":{"allow":["GET"]}}],"collection":[{"href":"https:\/\/gcf.community\/es\/wp-json\/wp\/v2\/pages"}],"about":[{"href":"https:\/\/gcf.community\/es\/wp-json\/wp\/v2\/types\/page"}],"author":[{"embeddable":true,"href":"https:\/\/gcf.community\/es\/wp-json\/wp\/v2\/users\/1"}],"replies":[{"embeddable":true,"href":"https:\/\/gcf.community\/es\/wp-json\/wp\/v2\/comments?post=1033"}],"version-history":[{"count":0,"href":"https:\/\/gcf.community\/es\/wp-json\/wp\/v2\/pages\/1033\/revisions"}],"up":[{"embeddable":true,"href":"https:\/\/gcf.community\/es\/wp-json\/wp\/v2\/pages\/784"}],"wp:attachment":[{"href":"https:\/\/gcf.community\/es\/wp-json\/wp\/v2\/media?parent=1033"}],"wp:term":[{"taxonomy":"category","embeddable":true,"href":"https:\/\/gcf.community\/es\/wp-json\/wp\/v2\/categories?post=1033"}],"curies":[{"name":"wp","href":"https:\/\/api.w.org\/{rel}","templated":true}]}}